{"id":5694,"date":"2025-11-24T18:41:53","date_gmt":"2025-11-24T23:41:53","guid":{"rendered":"https:\/\/bombazarmiami.com\/?post_type=product&#038;p=5694"},"modified":"2026-04-11T12:43:45","modified_gmt":"2026-04-11T16:43:45","slug":"dior-my-dior-black","status":"publish","type":"product","link":"https:\/\/bombazarmiami.com\/en\/product\/dior-my-dior-black\/","title":{"rendered":"Dior My Dior Black"},"content":{"rendered":"<p data-start=\"161\" data-end=\"549\">Crafted in soft black leather and worked with the iconic Cannage stitching, the Dior My Dior bag is made of black leather with the house's signature Cannage stitching. Its front flap with magnetic button is adorned with the \u2018D.I.O.R.\u2019 hanging metal charm, which adds movement and character. Inside, there is an integrated wallet with multiple card slots and a zippered pocket, all organized with precision. Ideal as a clutch or to wear with a strap (not included in the images).<\/p>\n<ul>\n<li data-start=\"759\" data-end=\"802\">Black calfskin with Cannage stitching<\/li>\n<li data-start=\"805\" data-end=\"847\">Structured flap with magnetic closure<\/li>\n<li data-start=\"850\" data-end=\"893\">Charm pendant \u2018D.I.O.R.\u2019 metallic gold plated<\/li>\n<li data-start=\"896\" data-end=\"979\">Interior with detachable wallet: card slots and zippered pocket<\/li>\n<li data-start=\"982\" data-end=\"1027\">Exterior flat pocket at the back<\/li>\n<li data-start=\"1030\" data-end=\"1050\">Smooth leather lining<\/li>\n<li data-start=\"1053\" data-end=\"1081\">Gold-plated metal hardware<\/li>\n<li data-start=\"1084\" data-end=\"1101\">Made in Italy<\/li>\n<li data-start=\"1104\" data-end=\"1142\">Dimensions: 21 x 12 x 3.5 cm approx.<\/li>\n<\/ul>","protected":false},"excerpt":{"rendered":"<p>Black Quilted Bag with \u2018D.I.O.R.\u2019 Metal Charm<\/p>","protected":false},"featured_media":5696,"template":"","meta":{"site-sidebar-layout":"default","site-content-layout":"","ast-site-content-layout":"default","site-content-style":"default","site-sidebar-style":"default","ast-global-header-display":"","ast-banner-title-visibility":"","ast-main-header-display":"","ast-hfb-above-header-display":"","ast-hfb-below-header-display":"","ast-hfb-mobile-header-display":"","site-post-title":"","ast-breadcrumbs-content":"","ast-featured-img":"","footer-sml-layout":"","theme-transparent-header-meta":"default","adv-header-id-meta":"","stick-header-meta":"default","header-above-stick-meta":"","header-main-stick-meta":"","header-below-stick-meta":"","astra-migrate-meta-layouts":"set","ast-page-background-enabled":"default","ast-page-background-meta":{"desktop":{"background-color":"var(--ast-global-color-5)","background-image":"","background-repeat":"repeat","background-position":"center center","background-size":"auto","background-attachment":"scroll","background-type":"","background-media":"","overlay-type":"","overlay-color":"","overlay-opacity":"","overlay-gradient":""},"tablet":{"background-color":"","background-image":"","background-repeat":"repeat","background-position":"center center","background-size":"auto","background-attachment":"scroll","background-type":"","background-media":"","overlay-type":"","overlay-color":"","overlay-opacity":"","overlay-gradient":""},"mobile":{"background-color":"","background-image":"","background-repeat":"repeat","background-position":"center center","background-size":"auto","background-attachment":"scroll","background-type":"","background-media":"","overlay-type":"","overlay-color":"","overlay-opacity":"","overlay-gradient":""}},"ast-content-background-meta":{"desktop":{"background-color":"var(--ast-global-color-4)","background-image":"","background-repeat":"repeat","background-position":"center center","background-size":"auto","background-attachment":"scroll","background-type":"","background-media":"","overlay-type":"","overlay-color":"","overlay-opacity":"","overlay-gradient":""},"tablet":{"background-color":"var(--ast-global-color-4)","background-image":"","background-repeat":"repeat","background-position":"center center","background-size":"auto","background-attachment":"scroll","background-type":"","background-media":"","overlay-type":"","overlay-color":"","overlay-opacity":"","overlay-gradient":""},"mobile":{"background-color":"var(--ast-global-color-4)","background-image":"","background-repeat":"repeat","background-position":"center center","background-size":"auto","background-attachment":"scroll","background-type":"","background-media":"","overlay-type":"","overlay-color":"","overlay-opacity":"","overlay-gradient":""}}},"product_brand":[60],"product_cat":[20],"product_tag":[],"product_store":[81],"class_list":{"0":"post-5694","1":"product","2":"type-product","3":"status-publish","4":"has-post-thumbnail","6":"product_brand-dior","7":"product_cat-carteras","8":"product_shipping_class-paquetes-normales","9":"desktop-align-left","10":"tablet-align-left","11":"mobile-align-left","12":"ast-product-gallery-layout-horizontal-slider","13":"ast-product-tabs-layout-horizontal","14":"ast-qv-on-image","16":"first","17":"outofstock","18":"sale","19":"shipping-taxable","20":"purchasable","21":"product-type-simple"},"yoast_head":"<!-- This site is optimized with the Yoast SEO plugin v27.2 - https:\/\/yoast.com\/product\/yoast-seo-wordpress\/ -->\n<title>Dior My Dior Black<\/title>\n<meta name=\"robots\" content=\"index, follow, max-snippet:-1, max-image-preview:large, max-video-preview:-1\" \/>\n<link rel=\"canonical\" href=\"https:\/\/bombazarmiami.com\/en\/product\/dior-my-dior-black\/\" \/>\n<meta property=\"og:locale\" content=\"en_US\" \/>\n<meta property=\"og:type\" content=\"article\" \/>\n<meta property=\"og:title\" content=\"Dior My Dior Black\" \/>\n<meta property=\"og:description\" content=\"Bolso Negro Acolchado con Charm Met\u00e1lico &#039;D.I.O.R.&#039;\" \/>\n<meta property=\"og:url\" content=\"https:\/\/bombazarmiami.com\/en\/product\/dior-my-dior-black\/\" \/>\n<meta property=\"og:site_name\" content=\"Bombazar Miami\" \/>\n<meta property=\"article:modified_time\" content=\"2026-04-11T16:43:45+00:00\" \/>\n<meta property=\"og:image\" content=\"https:\/\/bombazarmiami.com\/wp-content\/uploads\/2025\/11\/dior_mydior1.jpg\" \/>\n\t<meta property=\"og:image:width\" content=\"1600\" \/>\n\t<meta property=\"og:image:height\" content=\"1600\" \/>\n\t<meta property=\"og:image:type\" content=\"image\/jpeg\" \/>\n<meta name=\"twitter:card\" content=\"summary_large_image\" \/>\n<meta name=\"twitter:label1\" content=\"Est. reading time\" \/>\n\t<meta name=\"twitter:data1\" content=\"1 minute\" \/>\n<script type=\"application\/ld+json\" class=\"yoast-schema-graph\">{\"@context\":\"https:\/\/schema.org\",\"@graph\":[{\"@type\":\"WebPage\",\"@id\":\"https:\/\/bombazarmiami.com\/product\/dior-my-dior-black\/\",\"url\":\"https:\/\/bombazarmiami.com\/product\/dior-my-dior-black\/\",\"name\":\"Dior My Dior Black\",\"isPartOf\":{\"@id\":\"https:\/\/bombazarmiami.com\/#website\"},\"primaryImageOfPage\":{\"@id\":\"https:\/\/bombazarmiami.com\/product\/dior-my-dior-black\/#primaryimage\"},\"image\":{\"@id\":\"https:\/\/bombazarmiami.com\/product\/dior-my-dior-black\/#primaryimage\"},\"thumbnailUrl\":\"https:\/\/bombazarmiami.com\/wp-content\/uploads\/2025\/11\/dior_mydior1.jpg\",\"datePublished\":\"2025-11-24T23:41:53+00:00\",\"dateModified\":\"2026-04-11T16:43:45+00:00\",\"breadcrumb\":{\"@id\":\"https:\/\/bombazarmiami.com\/product\/dior-my-dior-black\/#breadcrumb\"},\"inLanguage\":\"en-US\",\"potentialAction\":[{\"@type\":\"ReadAction\",\"target\":[\"https:\/\/bombazarmiami.com\/product\/dior-my-dior-black\/\"]}]},{\"@type\":\"ImageObject\",\"inLanguage\":\"en-US\",\"@id\":\"https:\/\/bombazarmiami.com\/product\/dior-my-dior-black\/#primaryimage\",\"url\":\"https:\/\/bombazarmiami.com\/wp-content\/uploads\/2025\/11\/dior_mydior1.jpg\",\"contentUrl\":\"https:\/\/bombazarmiami.com\/wp-content\/uploads\/2025\/11\/dior_mydior1.jpg\",\"width\":1600,\"height\":1600},{\"@type\":\"BreadcrumbList\",\"@id\":\"https:\/\/bombazarmiami.com\/product\/dior-my-dior-black\/#breadcrumb\",\"itemListElement\":[{\"@type\":\"ListItem\",\"position\":1,\"name\":\"Home\",\"item\":\"https:\/\/bombazarmiami.com\/\"},{\"@type\":\"ListItem\",\"position\":2,\"name\":\"Tienda\",\"item\":\"https:\/\/bombazarmiami.com\/shop\/\"},{\"@type\":\"ListItem\",\"position\":3,\"name\":\"Dior My Dior Black\"}]},{\"@type\":\"WebSite\",\"@id\":\"https:\/\/bombazarmiami.com\/#website\",\"url\":\"https:\/\/bombazarmiami.com\/\",\"name\":\"Bombazar Miami\",\"description\":\"Bombazar ofrece un servicio de compras personalizado en Miami, con la opci\u00f3n de realizar pedidos desde Per\u00fa, Colombia, Bolivia, Ecuador, Venezuela, Panam\u00e1, Costa Rica, M\u00e9xico, Guatemala y Honduras.\",\"publisher\":{\"@id\":\"https:\/\/bombazarmiami.com\/#organization\"},\"alternateName\":\"Bombazar\",\"potentialAction\":[{\"@type\":\"SearchAction\",\"target\":{\"@type\":\"EntryPoint\",\"urlTemplate\":\"https:\/\/bombazarmiami.com\/?s={search_term_string}\"},\"query-input\":{\"@type\":\"PropertyValueSpecification\",\"valueRequired\":true,\"valueName\":\"search_term_string\"}}],\"inLanguage\":\"en-US\"},{\"@type\":\"Organization\",\"@id\":\"https:\/\/bombazarmiami.com\/#organization\",\"name\":\"Bombazar Miami\",\"url\":\"https:\/\/bombazarmiami.com\/\",\"logo\":{\"@type\":\"ImageObject\",\"inLanguage\":\"en-US\",\"@id\":\"https:\/\/bombazarmiami.com\/#\/schema\/logo\/image\/\",\"url\":\"https:\/\/bombazarmiami.com\/wp-content\/uploads\/2025\/10\/cropped-Bombazar_header.png\",\"contentUrl\":\"https:\/\/bombazarmiami.com\/wp-content\/uploads\/2025\/10\/cropped-Bombazar_header.png\",\"width\":509,\"height\":91,\"caption\":\"Bombazar Miami\"},\"image\":{\"@id\":\"https:\/\/bombazarmiami.com\/#\/schema\/logo\/image\/\"},\"sameAs\":[\"https:\/\/www.instagram.com\/bombazarmiami\/\"]}]}<\/script>\n<!-- \/ Yoast SEO plugin. -->","yoast_head_json":{"title":"Dior My Dior Black","robots":{"index":"index","follow":"follow","max-snippet":"max-snippet:-1","max-image-preview":"max-image-preview:large","max-video-preview":"max-video-preview:-1"},"canonical":"https:\/\/bombazarmiami.com\/en\/product\/dior-my-dior-black\/","og_locale":"en_US","og_type":"article","og_title":"Dior My Dior Black","og_description":"Bolso Negro Acolchado con Charm Met\u00e1lico 'D.I.O.R.'","og_url":"https:\/\/bombazarmiami.com\/en\/product\/dior-my-dior-black\/","og_site_name":"Bombazar Miami","article_modified_time":"2026-04-11T16:43:45+00:00","og_image":[{"width":1600,"height":1600,"url":"https:\/\/bombazarmiami.com\/wp-content\/uploads\/2025\/11\/dior_mydior1.jpg","type":"image\/jpeg"}],"twitter_card":"summary_large_image","twitter_misc":{"Est. reading time":"1 minute"},"schema":{"@context":"https:\/\/schema.org","@graph":[{"@type":"WebPage","@id":"https:\/\/bombazarmiami.com\/product\/dior-my-dior-black\/","url":"https:\/\/bombazarmiami.com\/product\/dior-my-dior-black\/","name":"Dior My Dior Black","isPartOf":{"@id":"https:\/\/bombazarmiami.com\/#website"},"primaryImageOfPage":{"@id":"https:\/\/bombazarmiami.com\/product\/dior-my-dior-black\/#primaryimage"},"image":{"@id":"https:\/\/bombazarmiami.com\/product\/dior-my-dior-black\/#primaryimage"},"thumbnailUrl":"https:\/\/bombazarmiami.com\/wp-content\/uploads\/2025\/11\/dior_mydior1.jpg","datePublished":"2025-11-24T23:41:53+00:00","dateModified":"2026-04-11T16:43:45+00:00","breadcrumb":{"@id":"https:\/\/bombazarmiami.com\/product\/dior-my-dior-black\/#breadcrumb"},"inLanguage":"en-US","potentialAction":[{"@type":"ReadAction","target":["https:\/\/bombazarmiami.com\/product\/dior-my-dior-black\/"]}]},{"@type":"ImageObject","inLanguage":"en-US","@id":"https:\/\/bombazarmiami.com\/product\/dior-my-dior-black\/#primaryimage","url":"https:\/\/bombazarmiami.com\/wp-content\/uploads\/2025\/11\/dior_mydior1.jpg","contentUrl":"https:\/\/bombazarmiami.com\/wp-content\/uploads\/2025\/11\/dior_mydior1.jpg","width":1600,"height":1600},{"@type":"BreadcrumbList","@id":"https:\/\/bombazarmiami.com\/product\/dior-my-dior-black\/#breadcrumb","itemListElement":[{"@type":"ListItem","position":1,"name":"Home","item":"https:\/\/bombazarmiami.com\/"},{"@type":"ListItem","position":2,"name":"Tienda","item":"https:\/\/bombazarmiami.com\/shop\/"},{"@type":"ListItem","position":3,"name":"Dior My Dior Black"}]},{"@type":"WebSite","@id":"https:\/\/bombazarmiami.com\/#website","url":"https:\/\/bombazarmiami.com\/","name":"Bombing Miami","description":"Bombazar offers a personalized shopping service in Miami, with the option of ordering from Peru, Colombia, Bolivia, Ecuador, Venezuela, Panama, Costa Rica, Mexico, Guatemala and Honduras.","publisher":{"@id":"https:\/\/bombazarmiami.com\/#organization"},"alternateName":"Bombazar","potentialAction":[{"@type":"SearchAction","target":{"@type":"EntryPoint","urlTemplate":"https:\/\/bombazarmiami.com\/?s={search_term_string}"},"query-input":{"@type":"PropertyValueSpecification","valueRequired":true,"valueName":"search_term_string"}}],"inLanguage":"en-US"},{"@type":"Organization","@id":"https:\/\/bombazarmiami.com\/#organization","name":"Bombing Miami","url":"https:\/\/bombazarmiami.com\/","logo":{"@type":"ImageObject","inLanguage":"en-US","@id":"https:\/\/bombazarmiami.com\/#\/schema\/logo\/image\/","url":"https:\/\/bombazarmiami.com\/wp-content\/uploads\/2025\/10\/cropped-Bombazar_header.png","contentUrl":"https:\/\/bombazarmiami.com\/wp-content\/uploads\/2025\/10\/cropped-Bombazar_header.png","width":509,"height":91,"caption":"Bombazar Miami"},"image":{"@id":"https:\/\/bombazarmiami.com\/#\/schema\/logo\/image\/"},"sameAs":["https:\/\/www.instagram.com\/bombazarmiami\/"]}]}},"_links":{"self":[{"href":"https:\/\/bombazarmiami.com\/en\/wp-json\/wp\/v2\/product\/5694","targetHints":{"allow":["GET"]}}],"collection":[{"href":"https:\/\/bombazarmiami.com\/en\/wp-json\/wp\/v2\/product"}],"about":[{"href":"https:\/\/bombazarmiami.com\/en\/wp-json\/wp\/v2\/types\/product"}],"wp:featuredmedia":[{"embeddable":true,"href":"https:\/\/bombazarmiami.com\/en\/wp-json\/wp\/v2\/media\/5696"}],"wp:attachment":[{"href":"https:\/\/bombazarmiami.com\/en\/wp-json\/wp\/v2\/media?parent=5694"}],"wp:term":[{"taxonomy":"product_brand","embeddable":true,"href":"https:\/\/bombazarmiami.com\/en\/wp-json\/wp\/v2\/product_brand?post=5694"},{"taxonomy":"product_cat","embeddable":true,"href":"https:\/\/bombazarmiami.com\/en\/wp-json\/wp\/v2\/product_cat?post=5694"},{"taxonomy":"product_tag","embeddable":true,"href":"https:\/\/bombazarmiami.com\/en\/wp-json\/wp\/v2\/product_tag?post=5694"},{"taxonomy":"product_store","embeddable":true,"href":"https:\/\/bombazarmiami.com\/en\/wp-json\/wp\/v2\/product_store?post=5694"}],"curies":[{"name":"wp","href":"https:\/\/api.w.org\/{rel}","templated":true}]}}