{"id":5180,"date":"2025-11-10T21:15:14","date_gmt":"2025-11-11T02:15:14","guid":{"rendered":"https:\/\/bombazarmiami.com\/?post_type=product&#038;p=5180"},"modified":"2025-11-27T00:21:39","modified_gmt":"2025-11-27T05:21:39","slug":"miu-miu-mu-52ys","status":"publish","type":"product","link":"https:\/\/bombazarmiami.com\/en\/product\/miu-miu-mu-52ys\/","title":{"rendered":"Miu Miu MU 52YS"},"content":{"rendered":"<p data-start=\"211\" data-end=\"564\">Avant-garde design with a retro feel. Miu Miu's MU 52YS glasses feature a golden metal frame with oval frames and a distinctive hinge design that adds character. The tortoiseshell acetate temple tips reinforce the modern style, while the dark gradient lenses offer elegant and functional protection.<\/p>\n<ul>\n<li data-start=\"568\" data-end=\"609\">Gold-plated metal frame with oval shape<\/li>\n<li data-start=\"612\" data-end=\"657\">Structural design detail on hinges<\/li>\n<li data-start=\"660\" data-end=\"697\">Temples with tortoiseshell acetate finish<\/li>\n<li data-start=\"700\" data-end=\"750\">Dark gray gradient lenses (100% UV protection)<\/li>\n<li data-start=\"753\" data-end=\"784\">Adjustable nose pads<\/li>\n<li data-start=\"787\" data-end=\"803\">Made in Italy<\/li>\n<\/ul>","protected":false},"excerpt":{"rendered":"<p>Oval Sunglasses in Gold Metal with Tortoiseshell Acetate Accents<\/p>","protected":false},"featured_media":5183,"template":"","meta":{"site-sidebar-layout":"default","site-content-layout":"","ast-site-content-layout":"default","site-content-style":"default","site-sidebar-style":"default","ast-global-header-display":"","ast-banner-title-visibility":"","ast-main-header-display":"","ast-hfb-above-header-display":"","ast-hfb-below-header-display":"","ast-hfb-mobile-header-display":"","site-post-title":"","ast-breadcrumbs-content":"","ast-featured-img":"","footer-sml-layout":"","theme-transparent-header-meta":"default","adv-header-id-meta":"","stick-header-meta":"default","header-above-stick-meta":"","header-main-stick-meta":"","header-below-stick-meta":"","astra-migrate-meta-layouts":"set","ast-page-background-enabled":"default","ast-page-background-meta":{"desktop":{"background-color":"var(--ast-global-color-5)","background-image":"","background-repeat":"repeat","background-position":"center center","background-size":"auto","background-attachment":"scroll","background-type":"","background-media":"","overlay-type":"","overlay-color":"","overlay-opacity":"","overlay-gradient":""},"tablet":{"background-color":"","background-image":"","background-repeat":"repeat","background-position":"center center","background-size":"auto","background-attachment":"scroll","background-type":"","background-media":"","overlay-type":"","overlay-color":"","overlay-opacity":"","overlay-gradient":""},"mobile":{"background-color":"","background-image":"","background-repeat":"repeat","background-position":"center center","background-size":"auto","background-attachment":"scroll","background-type":"","background-media":"","overlay-type":"","overlay-color":"","overlay-opacity":"","overlay-gradient":""}},"ast-content-background-meta":{"desktop":{"background-color":"var(--ast-global-color-4)","background-image":"","background-repeat":"repeat","background-position":"center center","background-size":"auto","background-attachment":"scroll","background-type":"","background-media":"","overlay-type":"","overlay-color":"","overlay-opacity":"","overlay-gradient":""},"tablet":{"background-color":"var(--ast-global-color-4)","background-image":"","background-repeat":"repeat","background-position":"center center","background-size":"auto","background-attachment":"scroll","background-type":"","background-media":"","overlay-type":"","overlay-color":"","overlay-opacity":"","overlay-gradient":""},"mobile":{"background-color":"var(--ast-global-color-4)","background-image":"","background-repeat":"repeat","background-position":"center center","background-size":"auto","background-attachment":"scroll","background-type":"","background-media":"","overlay-type":"","overlay-color":"","overlay-opacity":"","overlay-gradient":""}}},"product_brand":[61],"product_cat":[34],"product_tag":[86,93],"product_store":[],"class_list":{"0":"post-5180","1":"product","2":"type-product","3":"status-publish","4":"has-post-thumbnail","6":"product_brand-miu-miu","7":"product_cat-lentes","8":"product_tag-black-friday-sale","9":"product_tag-sale","10":"product_shipping_class-paquetes-pequenos","11":"desktop-align-left","12":"tablet-align-left","13":"mobile-align-left","14":"ast-product-gallery-layout-horizontal-slider","15":"ast-product-tabs-layout-horizontal","16":"ast-qv-on-image","18":"first","19":"outofstock","20":"sale","21":"shipping-taxable","22":"purchasable","23":"product-type-simple"},"yoast_head":"<!-- This site is optimized with the Yoast SEO plugin v27.2 - https:\/\/yoast.com\/product\/yoast-seo-wordpress\/ -->\n<title>Miu Miu MU 52YS<\/title>\n<meta name=\"robots\" content=\"index, follow, max-snippet:-1, max-image-preview:large, max-video-preview:-1\" \/>\n<link rel=\"canonical\" href=\"https:\/\/bombazarmiami.com\/en\/product\/miu-miu-mu-52ys\/\" \/>\n<meta property=\"og:locale\" content=\"en_US\" \/>\n<meta property=\"og:type\" content=\"article\" \/>\n<meta property=\"og:title\" content=\"Miu Miu MU 52YS\" \/>\n<meta property=\"og:description\" content=\"Lentes de Sol Ovaladas en Metal Dorado con Detalles Acetato Carey\" \/>\n<meta property=\"og:url\" content=\"https:\/\/bombazarmiami.com\/en\/product\/miu-miu-mu-52ys\/\" \/>\n<meta property=\"og:site_name\" content=\"Bombazar Miami\" \/>\n<meta property=\"article:modified_time\" content=\"2025-11-27T05:21:39+00:00\" \/>\n<meta property=\"og:image\" content=\"https:\/\/bombazarmiami.com\/wp-content\/uploads\/2025\/11\/miumiu52ys.jpg\" \/>\n\t<meta property=\"og:image:width\" content=\"1600\" \/>\n\t<meta property=\"og:image:height\" content=\"1600\" \/>\n\t<meta property=\"og:image:type\" content=\"image\/jpeg\" \/>\n<meta name=\"twitter:card\" content=\"summary_large_image\" \/>\n<meta name=\"twitter:label1\" content=\"Est. reading time\" \/>\n\t<meta name=\"twitter:data1\" content=\"1 minute\" \/>\n<script type=\"application\/ld+json\" class=\"yoast-schema-graph\">{\"@context\":\"https:\/\/schema.org\",\"@graph\":[{\"@type\":\"WebPage\",\"@id\":\"https:\/\/bombazarmiami.com\/product\/miu-miu-mu-52ys\/\",\"url\":\"https:\/\/bombazarmiami.com\/product\/miu-miu-mu-52ys\/\",\"name\":\"Miu Miu MU 52YS\",\"isPartOf\":{\"@id\":\"https:\/\/bombazarmiami.com\/#website\"},\"primaryImageOfPage\":{\"@id\":\"https:\/\/bombazarmiami.com\/product\/miu-miu-mu-52ys\/#primaryimage\"},\"image\":{\"@id\":\"https:\/\/bombazarmiami.com\/product\/miu-miu-mu-52ys\/#primaryimage\"},\"thumbnailUrl\":\"https:\/\/bombazarmiami.com\/wp-content\/uploads\/2025\/11\/miumiu52ys.jpg\",\"datePublished\":\"2025-11-11T02:15:14+00:00\",\"dateModified\":\"2025-11-27T05:21:39+00:00\",\"breadcrumb\":{\"@id\":\"https:\/\/bombazarmiami.com\/product\/miu-miu-mu-52ys\/#breadcrumb\"},\"inLanguage\":\"en-US\",\"potentialAction\":[{\"@type\":\"ReadAction\",\"target\":[\"https:\/\/bombazarmiami.com\/product\/miu-miu-mu-52ys\/\"]}]},{\"@type\":\"ImageObject\",\"inLanguage\":\"en-US\",\"@id\":\"https:\/\/bombazarmiami.com\/product\/miu-miu-mu-52ys\/#primaryimage\",\"url\":\"https:\/\/bombazarmiami.com\/wp-content\/uploads\/2025\/11\/miumiu52ys.jpg\",\"contentUrl\":\"https:\/\/bombazarmiami.com\/wp-content\/uploads\/2025\/11\/miumiu52ys.jpg\",\"width\":1600,\"height\":1600},{\"@type\":\"BreadcrumbList\",\"@id\":\"https:\/\/bombazarmiami.com\/product\/miu-miu-mu-52ys\/#breadcrumb\",\"itemListElement\":[{\"@type\":\"ListItem\",\"position\":1,\"name\":\"Home\",\"item\":\"https:\/\/bombazarmiami.com\/\"},{\"@type\":\"ListItem\",\"position\":2,\"name\":\"Tienda\",\"item\":\"https:\/\/bombazarmiami.com\/shop\/\"},{\"@type\":\"ListItem\",\"position\":3,\"name\":\"Miu Miu MU 52YS\"}]},{\"@type\":\"WebSite\",\"@id\":\"https:\/\/bombazarmiami.com\/#website\",\"url\":\"https:\/\/bombazarmiami.com\/\",\"name\":\"Bombazar Miami\",\"description\":\"Bombazar ofrece un servicio de compras personalizado en Miami, con la opci\u00f3n de realizar pedidos desde Per\u00fa, Colombia, Bolivia, Ecuador, Venezuela, Panam\u00e1, Costa Rica, M\u00e9xico, Guatemala y Honduras.\",\"publisher\":{\"@id\":\"https:\/\/bombazarmiami.com\/#organization\"},\"alternateName\":\"Bombazar\",\"potentialAction\":[{\"@type\":\"SearchAction\",\"target\":{\"@type\":\"EntryPoint\",\"urlTemplate\":\"https:\/\/bombazarmiami.com\/?s={search_term_string}\"},\"query-input\":{\"@type\":\"PropertyValueSpecification\",\"valueRequired\":true,\"valueName\":\"search_term_string\"}}],\"inLanguage\":\"en-US\"},{\"@type\":\"Organization\",\"@id\":\"https:\/\/bombazarmiami.com\/#organization\",\"name\":\"Bombazar Miami\",\"url\":\"https:\/\/bombazarmiami.com\/\",\"logo\":{\"@type\":\"ImageObject\",\"inLanguage\":\"en-US\",\"@id\":\"https:\/\/bombazarmiami.com\/#\/schema\/logo\/image\/\",\"url\":\"https:\/\/bombazarmiami.com\/wp-content\/uploads\/2025\/10\/cropped-Bombazar_header.png\",\"contentUrl\":\"https:\/\/bombazarmiami.com\/wp-content\/uploads\/2025\/10\/cropped-Bombazar_header.png\",\"width\":509,\"height\":91,\"caption\":\"Bombazar Miami\"},\"image\":{\"@id\":\"https:\/\/bombazarmiami.com\/#\/schema\/logo\/image\/\"},\"sameAs\":[\"https:\/\/www.instagram.com\/bombazarmiami\/\"]}]}<\/script>\n<!-- \/ Yoast SEO plugin. -->","yoast_head_json":{"title":"Miu Miu MU 52YS","robots":{"index":"index","follow":"follow","max-snippet":"max-snippet:-1","max-image-preview":"max-image-preview:large","max-video-preview":"max-video-preview:-1"},"canonical":"https:\/\/bombazarmiami.com\/en\/product\/miu-miu-mu-52ys\/","og_locale":"en_US","og_type":"article","og_title":"Miu Miu MU 52YS","og_description":"Lentes de Sol Ovaladas en Metal Dorado con Detalles Acetato Carey","og_url":"https:\/\/bombazarmiami.com\/en\/product\/miu-miu-mu-52ys\/","og_site_name":"Bombazar Miami","article_modified_time":"2025-11-27T05:21:39+00:00","og_image":[{"width":1600,"height":1600,"url":"https:\/\/bombazarmiami.com\/wp-content\/uploads\/2025\/11\/miumiu52ys.jpg","type":"image\/jpeg"}],"twitter_card":"summary_large_image","twitter_misc":{"Est. reading time":"1 minute"},"schema":{"@context":"https:\/\/schema.org","@graph":[{"@type":"WebPage","@id":"https:\/\/bombazarmiami.com\/product\/miu-miu-mu-52ys\/","url":"https:\/\/bombazarmiami.com\/product\/miu-miu-mu-52ys\/","name":"Miu Miu MU 52YS","isPartOf":{"@id":"https:\/\/bombazarmiami.com\/#website"},"primaryImageOfPage":{"@id":"https:\/\/bombazarmiami.com\/product\/miu-miu-mu-52ys\/#primaryimage"},"image":{"@id":"https:\/\/bombazarmiami.com\/product\/miu-miu-mu-52ys\/#primaryimage"},"thumbnailUrl":"https:\/\/bombazarmiami.com\/wp-content\/uploads\/2025\/11\/miumiu52ys.jpg","datePublished":"2025-11-11T02:15:14+00:00","dateModified":"2025-11-27T05:21:39+00:00","breadcrumb":{"@id":"https:\/\/bombazarmiami.com\/product\/miu-miu-mu-52ys\/#breadcrumb"},"inLanguage":"en-US","potentialAction":[{"@type":"ReadAction","target":["https:\/\/bombazarmiami.com\/product\/miu-miu-mu-52ys\/"]}]},{"@type":"ImageObject","inLanguage":"en-US","@id":"https:\/\/bombazarmiami.com\/product\/miu-miu-mu-52ys\/#primaryimage","url":"https:\/\/bombazarmiami.com\/wp-content\/uploads\/2025\/11\/miumiu52ys.jpg","contentUrl":"https:\/\/bombazarmiami.com\/wp-content\/uploads\/2025\/11\/miumiu52ys.jpg","width":1600,"height":1600},{"@type":"BreadcrumbList","@id":"https:\/\/bombazarmiami.com\/product\/miu-miu-mu-52ys\/#breadcrumb","itemListElement":[{"@type":"ListItem","position":1,"name":"Home","item":"https:\/\/bombazarmiami.com\/"},{"@type":"ListItem","position":2,"name":"Tienda","item":"https:\/\/bombazarmiami.com\/shop\/"},{"@type":"ListItem","position":3,"name":"Miu Miu MU 52YS"}]},{"@type":"WebSite","@id":"https:\/\/bombazarmiami.com\/#website","url":"https:\/\/bombazarmiami.com\/","name":"Bombing Miami","description":"Bombazar offers a personalized shopping service in Miami, with the option of ordering from Peru, Colombia, Bolivia, Ecuador, Venezuela, Panama, Costa Rica, Mexico, Guatemala and Honduras.","publisher":{"@id":"https:\/\/bombazarmiami.com\/#organization"},"alternateName":"Bombazar","potentialAction":[{"@type":"SearchAction","target":{"@type":"EntryPoint","urlTemplate":"https:\/\/bombazarmiami.com\/?s={search_term_string}"},"query-input":{"@type":"PropertyValueSpecification","valueRequired":true,"valueName":"search_term_string"}}],"inLanguage":"en-US"},{"@type":"Organization","@id":"https:\/\/bombazarmiami.com\/#organization","name":"Bombing Miami","url":"https:\/\/bombazarmiami.com\/","logo":{"@type":"ImageObject","inLanguage":"en-US","@id":"https:\/\/bombazarmiami.com\/#\/schema\/logo\/image\/","url":"https:\/\/bombazarmiami.com\/wp-content\/uploads\/2025\/10\/cropped-Bombazar_header.png","contentUrl":"https:\/\/bombazarmiami.com\/wp-content\/uploads\/2025\/10\/cropped-Bombazar_header.png","width":509,"height":91,"caption":"Bombazar Miami"},"image":{"@id":"https:\/\/bombazarmiami.com\/#\/schema\/logo\/image\/"},"sameAs":["https:\/\/www.instagram.com\/bombazarmiami\/"]}]}},"_links":{"self":[{"href":"https:\/\/bombazarmiami.com\/en\/wp-json\/wp\/v2\/product\/5180","targetHints":{"allow":["GET"]}}],"collection":[{"href":"https:\/\/bombazarmiami.com\/en\/wp-json\/wp\/v2\/product"}],"about":[{"href":"https:\/\/bombazarmiami.com\/en\/wp-json\/wp\/v2\/types\/product"}],"wp:featuredmedia":[{"embeddable":true,"href":"https:\/\/bombazarmiami.com\/en\/wp-json\/wp\/v2\/media\/5183"}],"wp:attachment":[{"href":"https:\/\/bombazarmiami.com\/en\/wp-json\/wp\/v2\/media?parent=5180"}],"wp:term":[{"taxonomy":"product_brand","embeddable":true,"href":"https:\/\/bombazarmiami.com\/en\/wp-json\/wp\/v2\/product_brand?post=5180"},{"taxonomy":"product_cat","embeddable":true,"href":"https:\/\/bombazarmiami.com\/en\/wp-json\/wp\/v2\/product_cat?post=5180"},{"taxonomy":"product_tag","embeddable":true,"href":"https:\/\/bombazarmiami.com\/en\/wp-json\/wp\/v2\/product_tag?post=5180"},{"taxonomy":"product_store","embeddable":true,"href":"https:\/\/bombazarmiami.com\/en\/wp-json\/wp\/v2\/product_store?post=5180"}],"curies":[{"name":"wp","href":"https:\/\/api.w.org\/{rel}","templated":true}]}}