{"id":3073,"date":"2025-07-29T00:43:16","date_gmt":"2025-07-29T04:43:16","guid":{"rendered":"https:\/\/bombazarmiami.com\/?post_type=product&#038;p=3073"},"modified":"2026-02-12T15:34:27","modified_gmt":"2026-02-12T20:34:27","slug":"carolina-herrera-traveller-caracas","status":"publish","type":"product","link":"https:\/\/bombazarmiami.com\/en\/product\/carolina-herrera-traveller-caracas\/","title":{"rendered":"Carolina Herrera Traveller Caracas"},"content":{"rendered":"<p data-start=\"204\" data-end=\"591\">Designed for those who value details, this Carolina Herrera Traveller Caracas wallet stands out for its two-tone composition and the presence of the iconic CH monogram throughout. The contrasting flap adds visual dynamism, while the snap closure ensures practicality. Compact and elegant, it is perfect to accompany you on a daily basis with order and style.<\/p>\n<ul>\n<li>Fine grain leather exterior<\/li>\n<li>Integral CH monogram print in beige and brown tones<\/li>\n<li>Light-colored flap with metal clasp closure<\/li>\n<li>Interior with card slots and a spacious compartment<\/li>\n<li>Visible contrasting hand stitching<\/li>\n<li>Includes dust cover Carolina Herrera<\/li>\n<li>Dimensions: 11.5 x 8.5 x 3 cm approx.<\/li>\n<\/ul>","protected":false},"excerpt":{"rendered":"<p>Bicolor Wallet with Monogram CH<\/p>","protected":false},"featured_media":3074,"template":"","meta":{"site-sidebar-layout":"default","site-content-layout":"","ast-site-content-layout":"default","site-content-style":"default","site-sidebar-style":"default","ast-global-header-display":"","ast-banner-title-visibility":"","ast-main-header-display":"","ast-hfb-above-header-display":"","ast-hfb-below-header-display":"","ast-hfb-mobile-header-display":"","site-post-title":"","ast-breadcrumbs-content":"","ast-featured-img":"","footer-sml-layout":"","theme-transparent-header-meta":"default","adv-header-id-meta":"","stick-header-meta":"default","header-above-stick-meta":"","header-main-stick-meta":"","header-below-stick-meta":"","astra-migrate-meta-layouts":"set","ast-page-background-enabled":"default","ast-page-background-meta":{"desktop":{"background-color":"var(--ast-global-color-5)","background-image":"","background-repeat":"repeat","background-position":"center center","background-size":"auto","background-attachment":"scroll","background-type":"","background-media":"","overlay-type":"","overlay-color":"","overlay-opacity":"","overlay-gradient":""},"tablet":{"background-color":"","background-image":"","background-repeat":"repeat","background-position":"center center","background-size":"auto","background-attachment":"scroll","background-type":"","background-media":"","overlay-type":"","overlay-color":"","overlay-opacity":"","overlay-gradient":""},"mobile":{"background-color":"","background-image":"","background-repeat":"repeat","background-position":"center center","background-size":"auto","background-attachment":"scroll","background-type":"","background-media":"","overlay-type":"","overlay-color":"","overlay-opacity":"","overlay-gradient":""}},"ast-content-background-meta":{"desktop":{"background-color":"var(--ast-global-color-4)","background-image":"","background-repeat":"repeat","background-position":"center center","background-size":"auto","background-attachment":"scroll","background-type":"","background-media":"","overlay-type":"","overlay-color":"","overlay-opacity":"","overlay-gradient":""},"tablet":{"background-color":"var(--ast-global-color-4)","background-image":"","background-repeat":"repeat","background-position":"center center","background-size":"auto","background-attachment":"scroll","background-type":"","background-media":"","overlay-type":"","overlay-color":"","overlay-opacity":"","overlay-gradient":""},"mobile":{"background-color":"var(--ast-global-color-4)","background-image":"","background-repeat":"repeat","background-position":"center center","background-size":"auto","background-attachment":"scroll","background-type":"","background-media":"","overlay-type":"","overlay-color":"","overlay-opacity":"","overlay-gradient":""}}},"product_brand":[59],"product_cat":[22],"product_tag":[86,93],"product_store":[97],"class_list":{"0":"post-3073","1":"product","2":"type-product","3":"status-publish","4":"has-post-thumbnail","6":"product_brand-carolina-herrera","7":"product_cat-accesorios","8":"product_tag-black-friday-sale","9":"product_tag-sale","10":"product_shipping_class-paquetes-pequenos","11":"desktop-align-left","12":"tablet-align-left","13":"mobile-align-left","14":"ast-product-gallery-layout-horizontal-slider","15":"ast-product-tabs-layout-horizontal","16":"ast-qv-on-image","18":"first","19":"outofstock","20":"sale","21":"shipping-taxable","22":"purchasable","23":"product-type-simple"},"yoast_head":"<!-- This site is optimized with the Yoast SEO plugin v27.2 - https:\/\/yoast.com\/product\/yoast-seo-wordpress\/ -->\n<title>Carolina Herrera Traveller Caracas<\/title>\n<meta name=\"robots\" content=\"index, follow, max-snippet:-1, max-image-preview:large, max-video-preview:-1\" \/>\n<link rel=\"canonical\" href=\"https:\/\/bombazarmiami.com\/en\/product\/carolina-herrera-traveller-caracas\/\" \/>\n<meta property=\"og:locale\" content=\"en_US\" \/>\n<meta property=\"og:type\" content=\"article\" \/>\n<meta property=\"og:title\" content=\"Carolina Herrera Traveller Caracas\" \/>\n<meta property=\"og:description\" content=\"Billetera Bicolor con Monograma CH\" \/>\n<meta property=\"og:url\" content=\"https:\/\/bombazarmiami.com\/en\/product\/carolina-herrera-traveller-caracas\/\" \/>\n<meta property=\"og:site_name\" content=\"Bombazar Miami\" \/>\n<meta property=\"article:modified_time\" content=\"2026-02-12T20:34:27+00:00\" \/>\n<meta property=\"og:image\" content=\"https:\/\/bombazarmiami.com\/wp-content\/uploads\/2025\/07\/ch_monogram-Photoroom.jpg\" \/>\n\t<meta property=\"og:image:width\" content=\"800\" \/>\n\t<meta property=\"og:image:height\" content=\"800\" \/>\n\t<meta property=\"og:image:type\" content=\"image\/jpeg\" \/>\n<meta name=\"twitter:card\" content=\"summary_large_image\" \/>\n<meta name=\"twitter:label1\" content=\"Est. reading time\" \/>\n\t<meta name=\"twitter:data1\" content=\"1 minute\" \/>\n<script type=\"application\/ld+json\" class=\"yoast-schema-graph\">{\"@context\":\"https:\/\/schema.org\",\"@graph\":[{\"@type\":\"WebPage\",\"@id\":\"https:\/\/bombazarmiami.com\/product\/carolina-herrera-traveller-caracas\/\",\"url\":\"https:\/\/bombazarmiami.com\/product\/carolina-herrera-traveller-caracas\/\",\"name\":\"Carolina Herrera Traveller Caracas\",\"isPartOf\":{\"@id\":\"https:\/\/bombazarmiami.com\/#website\"},\"primaryImageOfPage\":{\"@id\":\"https:\/\/bombazarmiami.com\/product\/carolina-herrera-traveller-caracas\/#primaryimage\"},\"image\":{\"@id\":\"https:\/\/bombazarmiami.com\/product\/carolina-herrera-traveller-caracas\/#primaryimage\"},\"thumbnailUrl\":\"https:\/\/bombazarmiami.com\/wp-content\/uploads\/2025\/07\/ch_monogram-Photoroom.jpg\",\"datePublished\":\"2025-07-29T04:43:16+00:00\",\"dateModified\":\"2026-02-12T20:34:27+00:00\",\"breadcrumb\":{\"@id\":\"https:\/\/bombazarmiami.com\/product\/carolina-herrera-traveller-caracas\/#breadcrumb\"},\"inLanguage\":\"en-US\",\"potentialAction\":[{\"@type\":\"ReadAction\",\"target\":[\"https:\/\/bombazarmiami.com\/product\/carolina-herrera-traveller-caracas\/\"]}]},{\"@type\":\"ImageObject\",\"inLanguage\":\"en-US\",\"@id\":\"https:\/\/bombazarmiami.com\/product\/carolina-herrera-traveller-caracas\/#primaryimage\",\"url\":\"https:\/\/bombazarmiami.com\/wp-content\/uploads\/2025\/07\/ch_monogram-Photoroom.jpg\",\"contentUrl\":\"https:\/\/bombazarmiami.com\/wp-content\/uploads\/2025\/07\/ch_monogram-Photoroom.jpg\",\"width\":800,\"height\":800},{\"@type\":\"BreadcrumbList\",\"@id\":\"https:\/\/bombazarmiami.com\/product\/carolina-herrera-traveller-caracas\/#breadcrumb\",\"itemListElement\":[{\"@type\":\"ListItem\",\"position\":1,\"name\":\"Home\",\"item\":\"https:\/\/bombazarmiami.com\/\"},{\"@type\":\"ListItem\",\"position\":2,\"name\":\"Tienda\",\"item\":\"https:\/\/bombazarmiami.com\/shop\/\"},{\"@type\":\"ListItem\",\"position\":3,\"name\":\"Carolina Herrera Traveller Caracas\"}]},{\"@type\":\"WebSite\",\"@id\":\"https:\/\/bombazarmiami.com\/#website\",\"url\":\"https:\/\/bombazarmiami.com\/\",\"name\":\"Bombazar Miami\",\"description\":\"Bombazar ofrece un servicio de compras personalizado en Miami, con la opci\u00f3n de realizar pedidos desde Per\u00fa, Colombia, Bolivia, Ecuador, Venezuela, Panam\u00e1, Costa Rica, M\u00e9xico, Guatemala y Honduras.\",\"publisher\":{\"@id\":\"https:\/\/bombazarmiami.com\/#organization\"},\"alternateName\":\"Bombazar\",\"potentialAction\":[{\"@type\":\"SearchAction\",\"target\":{\"@type\":\"EntryPoint\",\"urlTemplate\":\"https:\/\/bombazarmiami.com\/?s={search_term_string}\"},\"query-input\":{\"@type\":\"PropertyValueSpecification\",\"valueRequired\":true,\"valueName\":\"search_term_string\"}}],\"inLanguage\":\"en-US\"},{\"@type\":\"Organization\",\"@id\":\"https:\/\/bombazarmiami.com\/#organization\",\"name\":\"Bombazar Miami\",\"url\":\"https:\/\/bombazarmiami.com\/\",\"logo\":{\"@type\":\"ImageObject\",\"inLanguage\":\"en-US\",\"@id\":\"https:\/\/bombazarmiami.com\/#\/schema\/logo\/image\/\",\"url\":\"https:\/\/bombazarmiami.com\/wp-content\/uploads\/2025\/10\/cropped-Bombazar_header.png\",\"contentUrl\":\"https:\/\/bombazarmiami.com\/wp-content\/uploads\/2025\/10\/cropped-Bombazar_header.png\",\"width\":509,\"height\":91,\"caption\":\"Bombazar Miami\"},\"image\":{\"@id\":\"https:\/\/bombazarmiami.com\/#\/schema\/logo\/image\/\"},\"sameAs\":[\"https:\/\/www.instagram.com\/bombazarmiami\/\"]}]}<\/script>\n<!-- \/ Yoast SEO plugin. -->","yoast_head_json":{"title":"Carolina Herrera Traveller Caracas","robots":{"index":"index","follow":"follow","max-snippet":"max-snippet:-1","max-image-preview":"max-image-preview:large","max-video-preview":"max-video-preview:-1"},"canonical":"https:\/\/bombazarmiami.com\/en\/product\/carolina-herrera-traveller-caracas\/","og_locale":"en_US","og_type":"article","og_title":"Carolina Herrera Traveller Caracas","og_description":"Billetera Bicolor con Monograma CH","og_url":"https:\/\/bombazarmiami.com\/en\/product\/carolina-herrera-traveller-caracas\/","og_site_name":"Bombazar Miami","article_modified_time":"2026-02-12T20:34:27+00:00","og_image":[{"width":800,"height":800,"url":"https:\/\/bombazarmiami.com\/wp-content\/uploads\/2025\/07\/ch_monogram-Photoroom.jpg","type":"image\/jpeg"}],"twitter_card":"summary_large_image","twitter_misc":{"Est. reading time":"1 minute"},"schema":{"@context":"https:\/\/schema.org","@graph":[{"@type":"WebPage","@id":"https:\/\/bombazarmiami.com\/product\/carolina-herrera-traveller-caracas\/","url":"https:\/\/bombazarmiami.com\/product\/carolina-herrera-traveller-caracas\/","name":"Carolina Herrera Traveller Caracas","isPartOf":{"@id":"https:\/\/bombazarmiami.com\/#website"},"primaryImageOfPage":{"@id":"https:\/\/bombazarmiami.com\/product\/carolina-herrera-traveller-caracas\/#primaryimage"},"image":{"@id":"https:\/\/bombazarmiami.com\/product\/carolina-herrera-traveller-caracas\/#primaryimage"},"thumbnailUrl":"https:\/\/bombazarmiami.com\/wp-content\/uploads\/2025\/07\/ch_monogram-Photoroom.jpg","datePublished":"2025-07-29T04:43:16+00:00","dateModified":"2026-02-12T20:34:27+00:00","breadcrumb":{"@id":"https:\/\/bombazarmiami.com\/product\/carolina-herrera-traveller-caracas\/#breadcrumb"},"inLanguage":"en-US","potentialAction":[{"@type":"ReadAction","target":["https:\/\/bombazarmiami.com\/product\/carolina-herrera-traveller-caracas\/"]}]},{"@type":"ImageObject","inLanguage":"en-US","@id":"https:\/\/bombazarmiami.com\/product\/carolina-herrera-traveller-caracas\/#primaryimage","url":"https:\/\/bombazarmiami.com\/wp-content\/uploads\/2025\/07\/ch_monogram-Photoroom.jpg","contentUrl":"https:\/\/bombazarmiami.com\/wp-content\/uploads\/2025\/07\/ch_monogram-Photoroom.jpg","width":800,"height":800},{"@type":"BreadcrumbList","@id":"https:\/\/bombazarmiami.com\/product\/carolina-herrera-traveller-caracas\/#breadcrumb","itemListElement":[{"@type":"ListItem","position":1,"name":"Home","item":"https:\/\/bombazarmiami.com\/"},{"@type":"ListItem","position":2,"name":"Tienda","item":"https:\/\/bombazarmiami.com\/shop\/"},{"@type":"ListItem","position":3,"name":"Carolina Herrera Traveller Caracas"}]},{"@type":"WebSite","@id":"https:\/\/bombazarmiami.com\/#website","url":"https:\/\/bombazarmiami.com\/","name":"Bombing Miami","description":"Bombazar offers a personalized shopping service in Miami, with the option of ordering from Peru, Colombia, Bolivia, Ecuador, Venezuela, Panama, Costa Rica, Mexico, Guatemala and Honduras.","publisher":{"@id":"https:\/\/bombazarmiami.com\/#organization"},"alternateName":"Bombazar","potentialAction":[{"@type":"SearchAction","target":{"@type":"EntryPoint","urlTemplate":"https:\/\/bombazarmiami.com\/?s={search_term_string}"},"query-input":{"@type":"PropertyValueSpecification","valueRequired":true,"valueName":"search_term_string"}}],"inLanguage":"en-US"},{"@type":"Organization","@id":"https:\/\/bombazarmiami.com\/#organization","name":"Bombing Miami","url":"https:\/\/bombazarmiami.com\/","logo":{"@type":"ImageObject","inLanguage":"en-US","@id":"https:\/\/bombazarmiami.com\/#\/schema\/logo\/image\/","url":"https:\/\/bombazarmiami.com\/wp-content\/uploads\/2025\/10\/cropped-Bombazar_header.png","contentUrl":"https:\/\/bombazarmiami.com\/wp-content\/uploads\/2025\/10\/cropped-Bombazar_header.png","width":509,"height":91,"caption":"Bombazar Miami"},"image":{"@id":"https:\/\/bombazarmiami.com\/#\/schema\/logo\/image\/"},"sameAs":["https:\/\/www.instagram.com\/bombazarmiami\/"]}]}},"_links":{"self":[{"href":"https:\/\/bombazarmiami.com\/en\/wp-json\/wp\/v2\/product\/3073","targetHints":{"allow":["GET"]}}],"collection":[{"href":"https:\/\/bombazarmiami.com\/en\/wp-json\/wp\/v2\/product"}],"about":[{"href":"https:\/\/bombazarmiami.com\/en\/wp-json\/wp\/v2\/types\/product"}],"wp:featuredmedia":[{"embeddable":true,"href":"https:\/\/bombazarmiami.com\/en\/wp-json\/wp\/v2\/media\/3074"}],"wp:attachment":[{"href":"https:\/\/bombazarmiami.com\/en\/wp-json\/wp\/v2\/media?parent=3073"}],"wp:term":[{"taxonomy":"product_brand","embeddable":true,"href":"https:\/\/bombazarmiami.com\/en\/wp-json\/wp\/v2\/product_brand?post=3073"},{"taxonomy":"product_cat","embeddable":true,"href":"https:\/\/bombazarmiami.com\/en\/wp-json\/wp\/v2\/product_cat?post=3073"},{"taxonomy":"product_tag","embeddable":true,"href":"https:\/\/bombazarmiami.com\/en\/wp-json\/wp\/v2\/product_tag?post=3073"},{"taxonomy":"product_store","embeddable":true,"href":"https:\/\/bombazarmiami.com\/en\/wp-json\/wp\/v2\/product_store?post=3073"}],"curies":[{"name":"wp","href":"https:\/\/api.w.org\/{rel}","templated":true}]}}