{"id":2880,"date":"2025-07-17T18:22:22","date_gmt":"2025-07-17T22:22:22","guid":{"rendered":"https:\/\/bombazarmiami.com\/?post_type=product&#038;p=2880"},"modified":"2025-11-16T01:15:36","modified_gmt":"2025-11-16T06:15:36","slug":"miu-miu-ivy-tote-bag","status":"publish","type":"product","link":"https:\/\/bombazarmiami.com\/en\/product\/miu-miu-ivy-tote-bag\/","title":{"rendered":"Miu Miu Ivy Tote Bag"},"content":{"rendered":"<p data-start=\"179\" data-end=\"561\">Elegant and functional design with a relaxed style. The <em data-start=\"234\" data-end=\"244\">Ivy Tote<\/em> by Miu Miu is crafted from soft brown leather with a slightly shiny finish and natural texture. Its structured and minimalist silhouette is completed with the metallic Miu Miu logo on the front. Includes top handles. Ideal for everyday use or travel.<\/p>\n<ul>\n<li data-start=\"565\" data-end=\"590\">Brown smooth leather<\/li>\n<li data-start=\"593\" data-end=\"645\">Top handles<\/li>\n<li data-start=\"648\" data-end=\"686\">Top closure with magnetic clasp<\/li>\n<li data-start=\"689\" data-end=\"732\">Metallic Miu Miu logo on front side<\/li>\n<li data-start=\"735\" data-end=\"781\">Lined interior with organizer pockets<\/li>\n<\/ul>\n<p data-start=\"783\" data-end=\"822\"><strong data-start=\"783\" data-end=\"799\">Dimensions:<\/strong> 34 x 40cm approx.<\/p>","protected":false},"excerpt":{"rendered":"<p>Brown Leather Tote Bag with Top Handle<\/p>","protected":false},"featured_media":2886,"template":"","meta":{"site-sidebar-layout":"default","site-content-layout":"","ast-site-content-layout":"default","site-content-style":"default","site-sidebar-style":"default","ast-global-header-display":"","ast-banner-title-visibility":"","ast-main-header-display":"","ast-hfb-above-header-display":"","ast-hfb-below-header-display":"","ast-hfb-mobile-header-display":"","site-post-title":"","ast-breadcrumbs-content":"","ast-featured-img":"","footer-sml-layout":"","theme-transparent-header-meta":"default","adv-header-id-meta":"","stick-header-meta":"default","header-above-stick-meta":"","header-main-stick-meta":"","header-below-stick-meta":"","astra-migrate-meta-layouts":"set","ast-page-background-enabled":"default","ast-page-background-meta":{"desktop":{"background-color":"var(--ast-global-color-5)","background-image":"","background-repeat":"repeat","background-position":"center center","background-size":"auto","background-attachment":"scroll","background-type":"","background-media":"","overlay-type":"","overlay-color":"","overlay-opacity":"","overlay-gradient":""},"tablet":{"background-color":"","background-image":"","background-repeat":"repeat","background-position":"center center","background-size":"auto","background-attachment":"scroll","background-type":"","background-media":"","overlay-type":"","overlay-color":"","overlay-opacity":"","overlay-gradient":""},"mobile":{"background-color":"","background-image":"","background-repeat":"repeat","background-position":"center center","background-size":"auto","background-attachment":"scroll","background-type":"","background-media":"","overlay-type":"","overlay-color":"","overlay-opacity":"","overlay-gradient":""}},"ast-content-background-meta":{"desktop":{"background-color":"var(--ast-global-color-4)","background-image":"","background-repeat":"repeat","background-position":"center center","background-size":"auto","background-attachment":"scroll","background-type":"","background-media":"","overlay-type":"","overlay-color":"","overlay-opacity":"","overlay-gradient":""},"tablet":{"background-color":"var(--ast-global-color-4)","background-image":"","background-repeat":"repeat","background-position":"center center","background-size":"auto","background-attachment":"scroll","background-type":"","background-media":"","overlay-type":"","overlay-color":"","overlay-opacity":"","overlay-gradient":""},"mobile":{"background-color":"var(--ast-global-color-4)","background-image":"","background-repeat":"repeat","background-position":"center center","background-size":"auto","background-attachment":"scroll","background-type":"","background-media":"","overlay-type":"","overlay-color":"","overlay-opacity":"","overlay-gradient":""}}},"product_brand":[61],"product_cat":[20],"product_tag":[],"product_store":[84],"class_list":{"0":"post-2880","1":"product","2":"type-product","3":"status-publish","4":"has-post-thumbnail","6":"product_brand-miu-miu","7":"product_cat-carteras","8":"product_shipping_class-paquetes-normales","9":"desktop-align-left","10":"tablet-align-left","11":"mobile-align-left","12":"ast-product-gallery-layout-horizontal-slider","13":"ast-product-tabs-layout-horizontal","14":"ast-qv-on-image","16":"first","17":"outofstock","18":"sale","19":"shipping-taxable","20":"purchasable","21":"product-type-simple"},"yoast_head":"<!-- This site is optimized with the Yoast SEO plugin v27.2 - https:\/\/yoast.com\/product\/yoast-seo-wordpress\/ -->\n<title>Miu Miu Ivy Tote Bag<\/title>\n<meta name=\"robots\" content=\"index, follow, max-snippet:-1, max-image-preview:large, max-video-preview:-1\" \/>\n<link rel=\"canonical\" href=\"https:\/\/bombazarmiami.com\/en\/product\/miu-miu-ivy-tote-bag\/\" \/>\n<meta property=\"og:locale\" content=\"en_US\" \/>\n<meta property=\"og:type\" content=\"article\" \/>\n<meta property=\"og:title\" content=\"Miu Miu Ivy Tote Bag\" \/>\n<meta property=\"og:description\" content=\"Bolso Tote de Cuero Marr\u00f3n con Asa Superior\" \/>\n<meta property=\"og:url\" content=\"https:\/\/bombazarmiami.com\/en\/product\/miu-miu-ivy-tote-bag\/\" \/>\n<meta property=\"og:site_name\" content=\"Bombazar Miami\" \/>\n<meta property=\"article:modified_time\" content=\"2025-11-16T06:15:36+00:00\" \/>\n<meta property=\"og:image\" content=\"https:\/\/bombazarmiami.com\/wp-content\/uploads\/2025\/07\/miumiutote-Photoroom-1.jpg\" \/>\n\t<meta property=\"og:image:width\" content=\"800\" \/>\n\t<meta property=\"og:image:height\" content=\"800\" \/>\n\t<meta property=\"og:image:type\" content=\"image\/jpeg\" \/>\n<meta name=\"twitter:card\" content=\"summary_large_image\" \/>\n<meta name=\"twitter:label1\" content=\"Est. reading time\" \/>\n\t<meta name=\"twitter:data1\" content=\"1 minute\" \/>\n<script type=\"application\/ld+json\" class=\"yoast-schema-graph\">{\"@context\":\"https:\/\/schema.org\",\"@graph\":[{\"@type\":\"WebPage\",\"@id\":\"https:\/\/bombazarmiami.com\/product\/miu-miu-ivy-tote-bag\/\",\"url\":\"https:\/\/bombazarmiami.com\/product\/miu-miu-ivy-tote-bag\/\",\"name\":\"Miu Miu Ivy Tote Bag\",\"isPartOf\":{\"@id\":\"https:\/\/bombazarmiami.com\/#website\"},\"primaryImageOfPage\":{\"@id\":\"https:\/\/bombazarmiami.com\/product\/miu-miu-ivy-tote-bag\/#primaryimage\"},\"image\":{\"@id\":\"https:\/\/bombazarmiami.com\/product\/miu-miu-ivy-tote-bag\/#primaryimage\"},\"thumbnailUrl\":\"https:\/\/bombazarmiami.com\/wp-content\/uploads\/2025\/07\/miumiutote-Photoroom-1.jpg\",\"datePublished\":\"2025-07-17T22:22:22+00:00\",\"dateModified\":\"2025-11-16T06:15:36+00:00\",\"breadcrumb\":{\"@id\":\"https:\/\/bombazarmiami.com\/product\/miu-miu-ivy-tote-bag\/#breadcrumb\"},\"inLanguage\":\"en-US\",\"potentialAction\":[{\"@type\":\"ReadAction\",\"target\":[\"https:\/\/bombazarmiami.com\/product\/miu-miu-ivy-tote-bag\/\"]}]},{\"@type\":\"ImageObject\",\"inLanguage\":\"en-US\",\"@id\":\"https:\/\/bombazarmiami.com\/product\/miu-miu-ivy-tote-bag\/#primaryimage\",\"url\":\"https:\/\/bombazarmiami.com\/wp-content\/uploads\/2025\/07\/miumiutote-Photoroom-1.jpg\",\"contentUrl\":\"https:\/\/bombazarmiami.com\/wp-content\/uploads\/2025\/07\/miumiutote-Photoroom-1.jpg\",\"width\":800,\"height\":800},{\"@type\":\"BreadcrumbList\",\"@id\":\"https:\/\/bombazarmiami.com\/product\/miu-miu-ivy-tote-bag\/#breadcrumb\",\"itemListElement\":[{\"@type\":\"ListItem\",\"position\":1,\"name\":\"Home\",\"item\":\"https:\/\/bombazarmiami.com\/\"},{\"@type\":\"ListItem\",\"position\":2,\"name\":\"Tienda\",\"item\":\"https:\/\/bombazarmiami.com\/shop\/\"},{\"@type\":\"ListItem\",\"position\":3,\"name\":\"Miu Miu Ivy Tote Bag\"}]},{\"@type\":\"WebSite\",\"@id\":\"https:\/\/bombazarmiami.com\/#website\",\"url\":\"https:\/\/bombazarmiami.com\/\",\"name\":\"Bombazar Miami\",\"description\":\"Bombazar ofrece un servicio de compras personalizado en Miami, con la opci\u00f3n de realizar pedidos desde Per\u00fa, Colombia, Bolivia, Ecuador, Venezuela, Panam\u00e1, Costa Rica, M\u00e9xico, Guatemala y Honduras.\",\"publisher\":{\"@id\":\"https:\/\/bombazarmiami.com\/#organization\"},\"alternateName\":\"Bombazar\",\"potentialAction\":[{\"@type\":\"SearchAction\",\"target\":{\"@type\":\"EntryPoint\",\"urlTemplate\":\"https:\/\/bombazarmiami.com\/?s={search_term_string}\"},\"query-input\":{\"@type\":\"PropertyValueSpecification\",\"valueRequired\":true,\"valueName\":\"search_term_string\"}}],\"inLanguage\":\"en-US\"},{\"@type\":\"Organization\",\"@id\":\"https:\/\/bombazarmiami.com\/#organization\",\"name\":\"Bombazar Miami\",\"url\":\"https:\/\/bombazarmiami.com\/\",\"logo\":{\"@type\":\"ImageObject\",\"inLanguage\":\"en-US\",\"@id\":\"https:\/\/bombazarmiami.com\/#\/schema\/logo\/image\/\",\"url\":\"https:\/\/bombazarmiami.com\/wp-content\/uploads\/2025\/10\/cropped-Bombazar_header.png\",\"contentUrl\":\"https:\/\/bombazarmiami.com\/wp-content\/uploads\/2025\/10\/cropped-Bombazar_header.png\",\"width\":509,\"height\":91,\"caption\":\"Bombazar Miami\"},\"image\":{\"@id\":\"https:\/\/bombazarmiami.com\/#\/schema\/logo\/image\/\"},\"sameAs\":[\"https:\/\/www.instagram.com\/bombazarmiami\/\"]}]}<\/script>\n<!-- \/ Yoast SEO plugin. -->","yoast_head_json":{"title":"Miu Miu Ivy Tote Bag","robots":{"index":"index","follow":"follow","max-snippet":"max-snippet:-1","max-image-preview":"max-image-preview:large","max-video-preview":"max-video-preview:-1"},"canonical":"https:\/\/bombazarmiami.com\/en\/product\/miu-miu-ivy-tote-bag\/","og_locale":"en_US","og_type":"article","og_title":"Miu Miu Ivy Tote Bag","og_description":"Bolso Tote de Cuero Marr\u00f3n con Asa Superior","og_url":"https:\/\/bombazarmiami.com\/en\/product\/miu-miu-ivy-tote-bag\/","og_site_name":"Bombazar Miami","article_modified_time":"2025-11-16T06:15:36+00:00","og_image":[{"width":800,"height":800,"url":"https:\/\/bombazarmiami.com\/wp-content\/uploads\/2025\/07\/miumiutote-Photoroom-1.jpg","type":"image\/jpeg"}],"twitter_card":"summary_large_image","twitter_misc":{"Est. reading time":"1 minute"},"schema":{"@context":"https:\/\/schema.org","@graph":[{"@type":"WebPage","@id":"https:\/\/bombazarmiami.com\/product\/miu-miu-ivy-tote-bag\/","url":"https:\/\/bombazarmiami.com\/product\/miu-miu-ivy-tote-bag\/","name":"Miu Miu Ivy Tote Bag","isPartOf":{"@id":"https:\/\/bombazarmiami.com\/#website"},"primaryImageOfPage":{"@id":"https:\/\/bombazarmiami.com\/product\/miu-miu-ivy-tote-bag\/#primaryimage"},"image":{"@id":"https:\/\/bombazarmiami.com\/product\/miu-miu-ivy-tote-bag\/#primaryimage"},"thumbnailUrl":"https:\/\/bombazarmiami.com\/wp-content\/uploads\/2025\/07\/miumiutote-Photoroom-1.jpg","datePublished":"2025-07-17T22:22:22+00:00","dateModified":"2025-11-16T06:15:36+00:00","breadcrumb":{"@id":"https:\/\/bombazarmiami.com\/product\/miu-miu-ivy-tote-bag\/#breadcrumb"},"inLanguage":"en-US","potentialAction":[{"@type":"ReadAction","target":["https:\/\/bombazarmiami.com\/product\/miu-miu-ivy-tote-bag\/"]}]},{"@type":"ImageObject","inLanguage":"en-US","@id":"https:\/\/bombazarmiami.com\/product\/miu-miu-ivy-tote-bag\/#primaryimage","url":"https:\/\/bombazarmiami.com\/wp-content\/uploads\/2025\/07\/miumiutote-Photoroom-1.jpg","contentUrl":"https:\/\/bombazarmiami.com\/wp-content\/uploads\/2025\/07\/miumiutote-Photoroom-1.jpg","width":800,"height":800},{"@type":"BreadcrumbList","@id":"https:\/\/bombazarmiami.com\/product\/miu-miu-ivy-tote-bag\/#breadcrumb","itemListElement":[{"@type":"ListItem","position":1,"name":"Home","item":"https:\/\/bombazarmiami.com\/"},{"@type":"ListItem","position":2,"name":"Tienda","item":"https:\/\/bombazarmiami.com\/shop\/"},{"@type":"ListItem","position":3,"name":"Miu Miu Ivy Tote Bag"}]},{"@type":"WebSite","@id":"https:\/\/bombazarmiami.com\/#website","url":"https:\/\/bombazarmiami.com\/","name":"Bombing Miami","description":"Bombazar offers a personalized shopping service in Miami, with the option of ordering from Peru, Colombia, Bolivia, Ecuador, Venezuela, Panama, Costa Rica, Mexico, Guatemala and Honduras.","publisher":{"@id":"https:\/\/bombazarmiami.com\/#organization"},"alternateName":"Bombazar","potentialAction":[{"@type":"SearchAction","target":{"@type":"EntryPoint","urlTemplate":"https:\/\/bombazarmiami.com\/?s={search_term_string}"},"query-input":{"@type":"PropertyValueSpecification","valueRequired":true,"valueName":"search_term_string"}}],"inLanguage":"en-US"},{"@type":"Organization","@id":"https:\/\/bombazarmiami.com\/#organization","name":"Bombing Miami","url":"https:\/\/bombazarmiami.com\/","logo":{"@type":"ImageObject","inLanguage":"en-US","@id":"https:\/\/bombazarmiami.com\/#\/schema\/logo\/image\/","url":"https:\/\/bombazarmiami.com\/wp-content\/uploads\/2025\/10\/cropped-Bombazar_header.png","contentUrl":"https:\/\/bombazarmiami.com\/wp-content\/uploads\/2025\/10\/cropped-Bombazar_header.png","width":509,"height":91,"caption":"Bombazar Miami"},"image":{"@id":"https:\/\/bombazarmiami.com\/#\/schema\/logo\/image\/"},"sameAs":["https:\/\/www.instagram.com\/bombazarmiami\/"]}]}},"_links":{"self":[{"href":"https:\/\/bombazarmiami.com\/en\/wp-json\/wp\/v2\/product\/2880","targetHints":{"allow":["GET"]}}],"collection":[{"href":"https:\/\/bombazarmiami.com\/en\/wp-json\/wp\/v2\/product"}],"about":[{"href":"https:\/\/bombazarmiami.com\/en\/wp-json\/wp\/v2\/types\/product"}],"wp:featuredmedia":[{"embeddable":true,"href":"https:\/\/bombazarmiami.com\/en\/wp-json\/wp\/v2\/media\/2886"}],"wp:attachment":[{"href":"https:\/\/bombazarmiami.com\/en\/wp-json\/wp\/v2\/media?parent=2880"}],"wp:term":[{"taxonomy":"product_brand","embeddable":true,"href":"https:\/\/bombazarmiami.com\/en\/wp-json\/wp\/v2\/product_brand?post=2880"},{"taxonomy":"product_cat","embeddable":true,"href":"https:\/\/bombazarmiami.com\/en\/wp-json\/wp\/v2\/product_cat?post=2880"},{"taxonomy":"product_tag","embeddable":true,"href":"https:\/\/bombazarmiami.com\/en\/wp-json\/wp\/v2\/product_tag?post=2880"},{"taxonomy":"product_store","embeddable":true,"href":"https:\/\/bombazarmiami.com\/en\/wp-json\/wp\/v2\/product_store?post=2880"}],"curies":[{"name":"wp","href":"https:\/\/api.w.org\/{rel}","templated":true}]}}