{"id":2341,"date":"2025-05-01T03:31:01","date_gmt":"2025-05-01T03:31:01","guid":{"rendered":"https:\/\/bombazarmiami.com\/?post_type=product&#038;p=2341"},"modified":"2025-11-29T19:17:54","modified_gmt":"2025-11-30T00:17:54","slug":"jacquemus-le-grand-bambino","status":"publish","type":"product","link":"https:\/\/bombazarmiami.com\/en\/product\/jacquemus-le-grand-bambino\/","title":{"rendered":"Jacquemus Le Grand Bambino"},"content":{"rendered":"<p class=\"\" data-start=\"128\" data-end=\"209\"><strong data-start=\"128\" data-end=\"209\">Jacquemus Le Grand Bambino - Red Wallet with Top Handle and Adjustable Strap<\/strong><\/p>\n<p class=\"\" data-start=\"211\" data-end=\"600\">With clean lines and firm structure, <em data-start=\"250\" data-end=\"268\">Le Grand Bambino<\/em> in deep red is a piece that stands out at a glance. Its rectangular design with front flap and silver metallic logo provides a perfect balance between functionality and style. It has a rigid top handle and an adjustable and removable long strap that allows it to be carried over the shoulder or across the body, adapting to any occasion.<\/p>\n<ul>\n<li data-start=\"604\" data-end=\"627\">Red smooth leather<\/li>\n<li data-start=\"630\" data-end=\"680\">Rigid top handle and adjustable\/removable strap<\/li>\n<li data-start=\"683\" data-end=\"716\">Magnetic closure under the flap<\/li>\n<li data-start=\"719\" data-end=\"743\">Flat back pocket<\/li>\n<li data-start=\"746\" data-end=\"788\">Lined interior with single compartment<\/li>\n<li data-start=\"791\" data-end=\"833\">Metallic Jacquemus logo on the front<\/li>\n<\/ul>\n<p class=\"\" data-start=\"835\" data-end=\"864\"><strong data-start=\"835\" data-end=\"851\">Dimensions:<\/strong> 23 x 13.5 cm<\/p>","protected":false},"excerpt":{"rendered":"<p>Red Wallet with Top Handle and Adjustable Strap<\/p>","protected":false},"featured_media":2348,"template":"","meta":{"site-sidebar-layout":"default","site-content-layout":"","ast-site-content-layout":"default","site-content-style":"default","site-sidebar-style":"default","ast-global-header-display":"","ast-banner-title-visibility":"","ast-main-header-display":"","ast-hfb-above-header-display":"","ast-hfb-below-header-display":"","ast-hfb-mobile-header-display":"","site-post-title":"","ast-breadcrumbs-content":"","ast-featured-img":"","footer-sml-layout":"","theme-transparent-header-meta":"default","adv-header-id-meta":"","stick-header-meta":"default","header-above-stick-meta":"","header-main-stick-meta":"","header-below-stick-meta":"","astra-migrate-meta-layouts":"set","ast-page-background-enabled":"default","ast-page-background-meta":{"desktop":{"background-color":"var(--ast-global-color-5)","background-image":"","background-repeat":"repeat","background-position":"center center","background-size":"auto","background-attachment":"scroll","background-type":"","background-media":"","overlay-type":"","overlay-color":"","overlay-opacity":"","overlay-gradient":""},"tablet":{"background-color":"","background-image":"","background-repeat":"repeat","background-position":"center center","background-size":"auto","background-attachment":"scroll","background-type":"","background-media":"","overlay-type":"","overlay-color":"","overlay-opacity":"","overlay-gradient":""},"mobile":{"background-color":"","background-image":"","background-repeat":"repeat","background-position":"center center","background-size":"auto","background-attachment":"scroll","background-type":"","background-media":"","overlay-type":"","overlay-color":"","overlay-opacity":"","overlay-gradient":""}},"ast-content-background-meta":{"desktop":{"background-color":"var(--ast-global-color-4)","background-image":"","background-repeat":"repeat","background-position":"center center","background-size":"auto","background-attachment":"scroll","background-type":"","background-media":"","overlay-type":"","overlay-color":"","overlay-opacity":"","overlay-gradient":""},"tablet":{"background-color":"var(--ast-global-color-4)","background-image":"","background-repeat":"repeat","background-position":"center center","background-size":"auto","background-attachment":"scroll","background-type":"","background-media":"","overlay-type":"","overlay-color":"","overlay-opacity":"","overlay-gradient":""},"mobile":{"background-color":"var(--ast-global-color-4)","background-image":"","background-repeat":"repeat","background-position":"center center","background-size":"auto","background-attachment":"scroll","background-type":"","background-media":"","overlay-type":"","overlay-color":"","overlay-opacity":"","overlay-gradient":""}}},"product_brand":[40],"product_cat":[20],"product_tag":[86,93],"product_store":[80],"class_list":{"0":"post-2341","1":"product","2":"type-product","3":"status-publish","4":"has-post-thumbnail","6":"product_brand-jacquemus","7":"product_cat-carteras","8":"product_tag-black-friday-sale","9":"product_tag-sale","10":"product_shipping_class-paquetes-normales","11":"desktop-align-left","12":"tablet-align-left","13":"mobile-align-left","14":"ast-product-gallery-layout-horizontal-slider","15":"ast-product-tabs-layout-horizontal","16":"ast-qv-on-image","18":"first","19":"outofstock","20":"sale","21":"shipping-taxable","22":"purchasable","23":"product-type-simple"},"yoast_head":"<!-- This site is optimized with the Yoast SEO plugin v27.2 - https:\/\/yoast.com\/product\/yoast-seo-wordpress\/ -->\n<title>Jacquemus Le Grand Bambino<\/title>\n<meta name=\"robots\" content=\"index, follow, max-snippet:-1, max-image-preview:large, max-video-preview:-1\" \/>\n<link rel=\"canonical\" href=\"https:\/\/bombazarmiami.com\/en\/product\/jacquemus-le-grand-bambino\/\" \/>\n<meta property=\"og:locale\" content=\"en_US\" \/>\n<meta property=\"og:type\" content=\"article\" \/>\n<meta property=\"og:title\" content=\"Jacquemus Le Grand Bambino\" \/>\n<meta property=\"og:description\" content=\"Cartera Roja con Asa Superior y Correa Ajustable\" \/>\n<meta property=\"og:url\" content=\"https:\/\/bombazarmiami.com\/en\/product\/jacquemus-le-grand-bambino\/\" \/>\n<meta property=\"og:site_name\" content=\"Bombazar Miami\" \/>\n<meta property=\"article:modified_time\" content=\"2025-11-30T00:17:54+00:00\" \/>\n<meta property=\"og:image\" content=\"https:\/\/bombazarmiami.com\/wp-content\/uploads\/2025\/05\/jacquemus2.jpg\" \/>\n\t<meta property=\"og:image:width\" content=\"800\" \/>\n\t<meta property=\"og:image:height\" content=\"800\" \/>\n\t<meta property=\"og:image:type\" content=\"image\/jpeg\" \/>\n<meta name=\"twitter:card\" content=\"summary_large_image\" \/>\n<meta name=\"twitter:label1\" content=\"Est. reading time\" \/>\n\t<meta name=\"twitter:data1\" content=\"1 minute\" \/>\n<script type=\"application\/ld+json\" class=\"yoast-schema-graph\">{\"@context\":\"https:\/\/schema.org\",\"@graph\":[{\"@type\":\"WebPage\",\"@id\":\"https:\/\/bombazarmiami.com\/product\/jacquemus-le-grand-bambino\/\",\"url\":\"https:\/\/bombazarmiami.com\/product\/jacquemus-le-grand-bambino\/\",\"name\":\"Jacquemus Le Grand Bambino\",\"isPartOf\":{\"@id\":\"https:\/\/bombazarmiami.com\/#website\"},\"primaryImageOfPage\":{\"@id\":\"https:\/\/bombazarmiami.com\/product\/jacquemus-le-grand-bambino\/#primaryimage\"},\"image\":{\"@id\":\"https:\/\/bombazarmiami.com\/product\/jacquemus-le-grand-bambino\/#primaryimage\"},\"thumbnailUrl\":\"https:\/\/bombazarmiami.com\/wp-content\/uploads\/2025\/05\/jacquemus2.jpg\",\"datePublished\":\"2025-05-01T03:31:01+00:00\",\"dateModified\":\"2025-11-30T00:17:54+00:00\",\"breadcrumb\":{\"@id\":\"https:\/\/bombazarmiami.com\/product\/jacquemus-le-grand-bambino\/#breadcrumb\"},\"inLanguage\":\"en-US\",\"potentialAction\":[{\"@type\":\"ReadAction\",\"target\":[\"https:\/\/bombazarmiami.com\/product\/jacquemus-le-grand-bambino\/\"]}]},{\"@type\":\"ImageObject\",\"inLanguage\":\"en-US\",\"@id\":\"https:\/\/bombazarmiami.com\/product\/jacquemus-le-grand-bambino\/#primaryimage\",\"url\":\"https:\/\/bombazarmiami.com\/wp-content\/uploads\/2025\/05\/jacquemus2.jpg\",\"contentUrl\":\"https:\/\/bombazarmiami.com\/wp-content\/uploads\/2025\/05\/jacquemus2.jpg\",\"width\":800,\"height\":800},{\"@type\":\"BreadcrumbList\",\"@id\":\"https:\/\/bombazarmiami.com\/product\/jacquemus-le-grand-bambino\/#breadcrumb\",\"itemListElement\":[{\"@type\":\"ListItem\",\"position\":1,\"name\":\"Home\",\"item\":\"https:\/\/bombazarmiami.com\/\"},{\"@type\":\"ListItem\",\"position\":2,\"name\":\"Tienda\",\"item\":\"https:\/\/bombazarmiami.com\/shop\/\"},{\"@type\":\"ListItem\",\"position\":3,\"name\":\"Jacquemus Le Grand Bambino\"}]},{\"@type\":\"WebSite\",\"@id\":\"https:\/\/bombazarmiami.com\/#website\",\"url\":\"https:\/\/bombazarmiami.com\/\",\"name\":\"Bombazar Miami\",\"description\":\"Bombazar ofrece un servicio de compras personalizado en Miami, con la opci\u00f3n de realizar pedidos desde Per\u00fa, Colombia, Bolivia, Ecuador, Venezuela, Panam\u00e1, Costa Rica, M\u00e9xico, Guatemala y Honduras.\",\"publisher\":{\"@id\":\"https:\/\/bombazarmiami.com\/#organization\"},\"alternateName\":\"Bombazar\",\"potentialAction\":[{\"@type\":\"SearchAction\",\"target\":{\"@type\":\"EntryPoint\",\"urlTemplate\":\"https:\/\/bombazarmiami.com\/?s={search_term_string}\"},\"query-input\":{\"@type\":\"PropertyValueSpecification\",\"valueRequired\":true,\"valueName\":\"search_term_string\"}}],\"inLanguage\":\"en-US\"},{\"@type\":\"Organization\",\"@id\":\"https:\/\/bombazarmiami.com\/#organization\",\"name\":\"Bombazar Miami\",\"url\":\"https:\/\/bombazarmiami.com\/\",\"logo\":{\"@type\":\"ImageObject\",\"inLanguage\":\"en-US\",\"@id\":\"https:\/\/bombazarmiami.com\/#\/schema\/logo\/image\/\",\"url\":\"https:\/\/bombazarmiami.com\/wp-content\/uploads\/2025\/10\/cropped-Bombazar_header.png\",\"contentUrl\":\"https:\/\/bombazarmiami.com\/wp-content\/uploads\/2025\/10\/cropped-Bombazar_header.png\",\"width\":509,\"height\":91,\"caption\":\"Bombazar Miami\"},\"image\":{\"@id\":\"https:\/\/bombazarmiami.com\/#\/schema\/logo\/image\/\"},\"sameAs\":[\"https:\/\/www.instagram.com\/bombazarmiami\/\"]}]}<\/script>\n<!-- \/ Yoast SEO plugin. -->","yoast_head_json":{"title":"Jacquemus Le Grand Bambino","robots":{"index":"index","follow":"follow","max-snippet":"max-snippet:-1","max-image-preview":"max-image-preview:large","max-video-preview":"max-video-preview:-1"},"canonical":"https:\/\/bombazarmiami.com\/en\/product\/jacquemus-le-grand-bambino\/","og_locale":"en_US","og_type":"article","og_title":"Jacquemus Le Grand Bambino","og_description":"Cartera Roja con Asa Superior y Correa Ajustable","og_url":"https:\/\/bombazarmiami.com\/en\/product\/jacquemus-le-grand-bambino\/","og_site_name":"Bombazar Miami","article_modified_time":"2025-11-30T00:17:54+00:00","og_image":[{"width":800,"height":800,"url":"https:\/\/bombazarmiami.com\/wp-content\/uploads\/2025\/05\/jacquemus2.jpg","type":"image\/jpeg"}],"twitter_card":"summary_large_image","twitter_misc":{"Est. reading time":"1 minute"},"schema":{"@context":"https:\/\/schema.org","@graph":[{"@type":"WebPage","@id":"https:\/\/bombazarmiami.com\/product\/jacquemus-le-grand-bambino\/","url":"https:\/\/bombazarmiami.com\/product\/jacquemus-le-grand-bambino\/","name":"Jacquemus Le Grand Bambino","isPartOf":{"@id":"https:\/\/bombazarmiami.com\/#website"},"primaryImageOfPage":{"@id":"https:\/\/bombazarmiami.com\/product\/jacquemus-le-grand-bambino\/#primaryimage"},"image":{"@id":"https:\/\/bombazarmiami.com\/product\/jacquemus-le-grand-bambino\/#primaryimage"},"thumbnailUrl":"https:\/\/bombazarmiami.com\/wp-content\/uploads\/2025\/05\/jacquemus2.jpg","datePublished":"2025-05-01T03:31:01+00:00","dateModified":"2025-11-30T00:17:54+00:00","breadcrumb":{"@id":"https:\/\/bombazarmiami.com\/product\/jacquemus-le-grand-bambino\/#breadcrumb"},"inLanguage":"en-US","potentialAction":[{"@type":"ReadAction","target":["https:\/\/bombazarmiami.com\/product\/jacquemus-le-grand-bambino\/"]}]},{"@type":"ImageObject","inLanguage":"en-US","@id":"https:\/\/bombazarmiami.com\/product\/jacquemus-le-grand-bambino\/#primaryimage","url":"https:\/\/bombazarmiami.com\/wp-content\/uploads\/2025\/05\/jacquemus2.jpg","contentUrl":"https:\/\/bombazarmiami.com\/wp-content\/uploads\/2025\/05\/jacquemus2.jpg","width":800,"height":800},{"@type":"BreadcrumbList","@id":"https:\/\/bombazarmiami.com\/product\/jacquemus-le-grand-bambino\/#breadcrumb","itemListElement":[{"@type":"ListItem","position":1,"name":"Home","item":"https:\/\/bombazarmiami.com\/"},{"@type":"ListItem","position":2,"name":"Tienda","item":"https:\/\/bombazarmiami.com\/shop\/"},{"@type":"ListItem","position":3,"name":"Jacquemus Le Grand Bambino"}]},{"@type":"WebSite","@id":"https:\/\/bombazarmiami.com\/#website","url":"https:\/\/bombazarmiami.com\/","name":"Bombing Miami","description":"Bombazar offers a personalized shopping service in Miami, with the option of ordering from Peru, Colombia, Bolivia, Ecuador, Venezuela, Panama, Costa Rica, Mexico, Guatemala and Honduras.","publisher":{"@id":"https:\/\/bombazarmiami.com\/#organization"},"alternateName":"Bombazar","potentialAction":[{"@type":"SearchAction","target":{"@type":"EntryPoint","urlTemplate":"https:\/\/bombazarmiami.com\/?s={search_term_string}"},"query-input":{"@type":"PropertyValueSpecification","valueRequired":true,"valueName":"search_term_string"}}],"inLanguage":"en-US"},{"@type":"Organization","@id":"https:\/\/bombazarmiami.com\/#organization","name":"Bombing Miami","url":"https:\/\/bombazarmiami.com\/","logo":{"@type":"ImageObject","inLanguage":"en-US","@id":"https:\/\/bombazarmiami.com\/#\/schema\/logo\/image\/","url":"https:\/\/bombazarmiami.com\/wp-content\/uploads\/2025\/10\/cropped-Bombazar_header.png","contentUrl":"https:\/\/bombazarmiami.com\/wp-content\/uploads\/2025\/10\/cropped-Bombazar_header.png","width":509,"height":91,"caption":"Bombazar Miami"},"image":{"@id":"https:\/\/bombazarmiami.com\/#\/schema\/logo\/image\/"},"sameAs":["https:\/\/www.instagram.com\/bombazarmiami\/"]}]}},"_links":{"self":[{"href":"https:\/\/bombazarmiami.com\/en\/wp-json\/wp\/v2\/product\/2341","targetHints":{"allow":["GET"]}}],"collection":[{"href":"https:\/\/bombazarmiami.com\/en\/wp-json\/wp\/v2\/product"}],"about":[{"href":"https:\/\/bombazarmiami.com\/en\/wp-json\/wp\/v2\/types\/product"}],"wp:featuredmedia":[{"embeddable":true,"href":"https:\/\/bombazarmiami.com\/en\/wp-json\/wp\/v2\/media\/2348"}],"wp:attachment":[{"href":"https:\/\/bombazarmiami.com\/en\/wp-json\/wp\/v2\/media?parent=2341"}],"wp:term":[{"taxonomy":"product_brand","embeddable":true,"href":"https:\/\/bombazarmiami.com\/en\/wp-json\/wp\/v2\/product_brand?post=2341"},{"taxonomy":"product_cat","embeddable":true,"href":"https:\/\/bombazarmiami.com\/en\/wp-json\/wp\/v2\/product_cat?post=2341"},{"taxonomy":"product_tag","embeddable":true,"href":"https:\/\/bombazarmiami.com\/en\/wp-json\/wp\/v2\/product_tag?post=2341"},{"taxonomy":"product_store","embeddable":true,"href":"https:\/\/bombazarmiami.com\/en\/wp-json\/wp\/v2\/product_store?post=2341"}],"curies":[{"name":"wp","href":"https:\/\/api.w.org\/{rel}","templated":true}]}}