{"id":2694,"date":"2025-05-06T23:19:47","date_gmt":"2025-05-06T23:19:47","guid":{"rendered":"https:\/\/bombazarmiami.com\/?page_id=2694"},"modified":"2025-10-01T17:13:47","modified_gmt":"2025-10-01T21:13:47","slug":"nuestra-historia","status":"publish","type":"page","link":"https:\/\/bombazarmiami.com\/en\/nuestra-historia\/","title":{"rendered":"Our Story"},"content":{"rendered":"<div data-elementor-type=\"wp-page\" data-elementor-id=\"2694\" class=\"elementor elementor-2694\">\n\t\t\t\t<div class=\"elementor-element elementor-element-e5cbc62 e-flex e-con-boxed e-con e-parent\" data-id=\"e5cbc62\" data-element_type=\"container\" data-e-type=\"container\">\n\t\t\t\t\t<div class=\"e-con-inner\">\n\t\t<div class=\"elementor-element elementor-element-ba55fcb e-con-full e-flex e-con e-child\" data-id=\"ba55fcb\" data-element_type=\"container\" data-e-type=\"container\">\n\t\t<div class=\"elementor-element elementor-element-74fa2df e-con-full e-flex e-con e-child\" data-id=\"74fa2df\" data-element_type=\"container\" data-e-type=\"container\">\n\t\t\t\t<div class=\"elementor-element elementor-element-4246cae elementor-widget elementor-widget-heading\" data-id=\"4246cae\" data-element_type=\"widget\" data-e-type=\"widget\" data-widget_type=\"heading.default\">\n\t\t\t\t<div class=\"elementor-widget-container\">\n\t\t\t\t\t<h2 class=\"elementor-heading-title elementor-size-default\">Hi. I\u2019m Kelly, the person behind Bombazar.\n<\/h2>\t\t\t\t<\/div>\n\t\t\t\t<\/div>\n\t\t\t\t<div class=\"elementor-element elementor-element-d4cb1d2 elementor-widget elementor-widget-text-editor\" data-id=\"d4cb1d2\" data-element_type=\"widget\" data-e-type=\"widget\" data-widget_type=\"text-editor.default\">\n\t\t\t\t<div class=\"elementor-widget-container\">\n\t\t\t\t\t\t\t\t\t<p class=\"\" data-start=\"196\" data-end=\"473\">Thank you for being here <img decoding=\"async\" class=\"emoji\" role=\"img\" draggable=\"false\" src=\"https:\/\/s.w.org\/images\/core\/emoji\/16.0.1\/svg\/1f497.svg\" alt=\"\ud83d\udc97\" \/><\/p><p class=\"\" data-start=\"196\" data-end=\"473\">Everything started in 2019 in Lima, when I decided to sell a few pieces from my personal closet. What began as a small project kept growing thanks to the amazing women who trusted me to help them find those dream items that weren\u2019t always easy to get.<\/p><p class=\"translation-block\" data-start=\"475\" data-end=\"704\">When I moved to Miami, Bombazar transformed into what it is today: a personal shopping service focused on luxury fashion, offering 100 percent authentic pieces from brands like Fendi, Gucci, Prada, Dior, Louis Vuitton, and many more.<\/p><p class=\"translation-block\" data-start=\"706\" data-end=\"897\">At first we only shipped to Peru, but thanks to your support and trust, we now also deliver to Colombia, Ecuador, Venezuela, Panama, Costa Rica, Guatemala, the Dominican Republic, Mexico, and Honduras.<\/p><p class=\"\" data-start=\"899\" data-end=\"1102\">My goal has always been the same: to help you get that item you\u2019ve been dreaming of, with trust, safety, and a warm, personal experience.<br data-start=\"1030\" data-end=\"1033\" \/>If you\u2019re looking for something special, message me. I\u2019d love to help you. <img decoding=\"async\" class=\"emoji\" role=\"img\" draggable=\"false\" src=\"https:\/\/s.w.org\/images\/core\/emoji\/16.0.1\/svg\/1f48c.svg\" alt=\"\ud83d\udc8c\" \/><\/p><p class=\"\" data-start=\"1104\" data-end=\"1172\">With love,<br data-start=\"1115\" data-end=\"1118\" \/><strong data-start=\"1118\" data-end=\"1127\">Kelly<\/strong><br data-start=\"1127\" data-end=\"1130\" \/><em data-start=\"1130\" data-end=\"1172\">Personal Shopper and Founder of Bombazar<\/em><\/p>\t\t\t\t\t\t\t\t<\/div>\n\t\t\t\t<\/div>\n\t\t\t\t<\/div>\n\t\t\t\t<\/div>\n\t\t<div class=\"elementor-element elementor-element-9819798 e-con-full e-flex e-con e-child\" data-id=\"9819798\" data-element_type=\"container\" data-e-type=\"container\">\n\t\t<div class=\"elementor-element elementor-element-35127c2 e-con-full e-flex e-con e-child\" data-id=\"35127c2\" data-element_type=\"container\" data-e-type=\"container\">\n\t\t\t\t<div class=\"elementor-element elementor-element-db7d8f4 elementor-widget__width-initial elementor-widget elementor-widget-image\" data-id=\"db7d8f4\" data-element_type=\"widget\" data-e-type=\"widget\" data-widget_type=\"image.default\">\n\t\t\t\t<div class=\"elementor-widget-container\">\n\t\t\t\t\t\t\t\t\t\t\t\t\t\t\t<img fetchpriority=\"high\" decoding=\"async\" width=\"664\" height=\"1024\" src=\"https:\/\/bombazarmiami.com\/wp-content\/uploads\/2025\/05\/kelly2-664x1024.jpeg\" class=\"attachment-large size-large wp-image-2696\" alt=\"\" srcset=\"https:\/\/bombazarmiami.com\/wp-content\/uploads\/2025\/05\/kelly2-664x1024.jpeg 664w, https:\/\/bombazarmiami.com\/wp-content\/uploads\/2025\/05\/kelly2-195x300.jpeg 195w, https:\/\/bombazarmiami.com\/wp-content\/uploads\/2025\/05\/kelly2-768x1184.jpeg 768w, https:\/\/bombazarmiami.com\/wp-content\/uploads\/2025\/05\/kelly2-600x925.jpeg 600w, https:\/\/bombazarmiami.com\/wp-content\/uploads\/2025\/05\/kelly2.jpeg 956w\" sizes=\"(max-width: 664px) 100vw, 664px\" \/>\t\t\t\t\t\t\t\t\t\t\t\t\t\t\t<\/div>\n\t\t\t\t<\/div>\n\t\t\t\t<\/div>\n\t\t\t\t<\/div>\n\t\t\t\t\t<\/div>\n\t\t\t\t<\/div>\n\t\t<div class=\"elementor-element elementor-element-bbd02a6 e-flex e-con-boxed e-con e-parent\" data-id=\"bbd02a6\" data-element_type=\"container\" data-e-type=\"container\">\n\t\t\t\t\t<div class=\"e-con-inner\">\n\t\t\t\t\t<\/div>\n\t\t\t\t<\/div>\n\t\t\t\t<\/div>","protected":false},"excerpt":{"rendered":"<p>\u00a1Hola! Soy Kelly, la persona detr\u00e1s de Bombazar. Gracias por estar aqu\u00ed Todo empez\u00f3 en 2019, en Lima, cuando decid\u00ed [&hellip;]<\/p>\n","protected":false},"author":1,"featured_media":0,"parent":0,"menu_order":0,"comment_status":"closed","ping_status":"closed","template":"","meta":{"site-sidebar-layout":"no-sidebar","site-content-layout":"","ast-site-content-layout":"normal-width-container","site-content-style":"boxed","site-sidebar-style":"default","ast-global-header-display":"","ast-banner-title-visibility":"","ast-main-header-display":"","ast-hfb-above-header-display":"","ast-hfb-below-header-display":"","ast-hfb-mobile-header-display":"","site-post-title":"disabled","ast-breadcrumbs-content":"","ast-featured-img":"disabled","footer-sml-layout":"","theme-transparent-header-meta":"default","adv-header-id-meta":"","stick-header-meta":"default","header-above-stick-meta":"","header-main-stick-meta":"","header-below-stick-meta":"","astra-migrate-meta-layouts":"set","ast-page-background-enabled":"default","ast-page-background-meta":{"desktop":{"background-color":"var(--ast-global-color-5)","background-image":"","background-repeat":"repeat","background-position":"center center","background-size":"auto","background-attachment":"scroll","background-type":"","background-media":"","overlay-type":"","overlay-color":"","overlay-opacity":"","overlay-gradient":""},"tablet":{"background-color":"","background-image":"","background-repeat":"repeat","background-position":"center center","background-size":"auto","background-attachment":"scroll","background-type":"","background-media":"","overlay-type":"","overlay-color":"","overlay-opacity":"","overlay-gradient":""},"mobile":{"background-color":"","background-image":"","background-repeat":"repeat","background-position":"center center","background-size":"auto","background-attachment":"scroll","background-type":"","background-media":"","overlay-type":"","overlay-color":"","overlay-opacity":"","overlay-gradient":""}},"ast-content-background-meta":{"desktop":{"background-color":"var(--ast-global-color-4)","background-image":"","background-repeat":"repeat","background-position":"center center","background-size":"auto","background-attachment":"scroll","background-type":"","background-media":"","overlay-type":"","overlay-color":"","overlay-opacity":"","overlay-gradient":""},"tablet":{"background-color":"var(--ast-global-color-4)","background-image":"","background-repeat":"repeat","background-position":"center center","background-size":"auto","background-attachment":"scroll","background-type":"","background-media":"","overlay-type":"","overlay-color":"","overlay-opacity":"","overlay-gradient":""},"mobile":{"background-color":"var(--ast-global-color-4)","background-image":"","background-repeat":"repeat","background-position":"center center","background-size":"auto","background-attachment":"scroll","background-type":"","background-media":"","overlay-type":"","overlay-color":"","overlay-opacity":"","overlay-gradient":""}},"footnotes":""},"class_list":["post-2694","page","type-page","status-publish","hentry"],"yoast_head":"<!-- This site is optimized with the Yoast SEO plugin v27.2 - https:\/\/yoast.com\/product\/yoast-seo-wordpress\/ -->\n<title>Nuestra Historia - Bombazar Miami<\/title>\n<meta name=\"description\" content=\"Conoce la historia de Bombazar y c\u00f3mo Kelly convirti\u00f3 su pasi\u00f3n por la moda en un servicio de compras de lujo personalizado desde Miami \ud83d\udc97\" \/>\n<meta name=\"robots\" content=\"index, follow, max-snippet:-1, max-image-preview:large, max-video-preview:-1\" \/>\n<link rel=\"canonical\" href=\"https:\/\/bombazarmiami.com\/en\/nuestra-historia\/\" \/>\n<meta property=\"og:locale\" content=\"en_US\" \/>\n<meta property=\"og:type\" content=\"article\" \/>\n<meta property=\"og:title\" content=\"Nuestra Historia - Bombazar Miami\" \/>\n<meta property=\"og:description\" content=\"Conoce la historia de Bombazar y c\u00f3mo Kelly convirti\u00f3 su pasi\u00f3n por la moda en un servicio de compras de lujo personalizado desde Miami \ud83d\udc97\" \/>\n<meta property=\"og:url\" content=\"https:\/\/bombazarmiami.com\/en\/nuestra-historia\/\" \/>\n<meta property=\"og:site_name\" content=\"Bombazar Miami\" \/>\n<meta property=\"article:modified_time\" content=\"2025-10-01T21:13:47+00:00\" \/>\n<meta property=\"og:image\" content=\"https:\/\/s.w.org\/images\/core\/emoji\/16.0.1\/svg\/1f497.svg\" \/>\n<meta name=\"twitter:card\" content=\"summary_large_image\" \/>\n<meta name=\"twitter:label1\" content=\"Est. reading time\" \/>\n\t<meta name=\"twitter:data1\" content=\"2 minutes\" \/>\n<script type=\"application\/ld+json\" class=\"yoast-schema-graph\">{\"@context\":\"https:\/\/schema.org\",\"@graph\":[{\"@type\":\"WebPage\",\"@id\":\"https:\/\/bombazarmiami.com\/nuestra-historia\/\",\"url\":\"https:\/\/bombazarmiami.com\/nuestra-historia\/\",\"name\":\"Nuestra Historia - Bombazar Miami\",\"isPartOf\":{\"@id\":\"https:\/\/bombazarmiami.com\/#website\"},\"primaryImageOfPage\":{\"@id\":\"https:\/\/bombazarmiami.com\/nuestra-historia\/#primaryimage\"},\"image\":{\"@id\":\"https:\/\/bombazarmiami.com\/nuestra-historia\/#primaryimage\"},\"thumbnailUrl\":\"https:\/\/s.w.org\/images\/core\/emoji\/16.0.1\/svg\/1f497.svg\",\"datePublished\":\"2025-05-06T23:19:47+00:00\",\"dateModified\":\"2025-10-01T21:13:47+00:00\",\"description\":\"Conoce la historia de Bombazar y c\u00f3mo Kelly convirti\u00f3 su pasi\u00f3n por la moda en un servicio de compras de lujo personalizado desde Miami \ud83d\udc97\",\"breadcrumb\":{\"@id\":\"https:\/\/bombazarmiami.com\/nuestra-historia\/#breadcrumb\"},\"inLanguage\":\"en-US\",\"potentialAction\":[{\"@type\":\"ReadAction\",\"target\":[\"https:\/\/bombazarmiami.com\/nuestra-historia\/\"]}]},{\"@type\":\"ImageObject\",\"inLanguage\":\"en-US\",\"@id\":\"https:\/\/bombazarmiami.com\/nuestra-historia\/#primaryimage\",\"url\":\"https:\/\/s.w.org\/images\/core\/emoji\/16.0.1\/svg\/1f497.svg\",\"contentUrl\":\"https:\/\/s.w.org\/images\/core\/emoji\/16.0.1\/svg\/1f497.svg\"},{\"@type\":\"BreadcrumbList\",\"@id\":\"https:\/\/bombazarmiami.com\/nuestra-historia\/#breadcrumb\",\"itemListElement\":[{\"@type\":\"ListItem\",\"position\":1,\"name\":\"Home\",\"item\":\"https:\/\/bombazarmiami.com\/\"},{\"@type\":\"ListItem\",\"position\":2,\"name\":\"Nuestra Historia\"}]},{\"@type\":\"WebSite\",\"@id\":\"https:\/\/bombazarmiami.com\/#website\",\"url\":\"https:\/\/bombazarmiami.com\/\",\"name\":\"Bombazar Miami\",\"description\":\"Bombazar ofrece un servicio de compras personalizado en Miami, con la opci\u00f3n de realizar pedidos desde Per\u00fa, Colombia, Bolivia, Ecuador, Venezuela, Panam\u00e1, Costa Rica, M\u00e9xico, Guatemala y Honduras.\",\"publisher\":{\"@id\":\"https:\/\/bombazarmiami.com\/#organization\"},\"alternateName\":\"Bombazar\",\"potentialAction\":[{\"@type\":\"SearchAction\",\"target\":{\"@type\":\"EntryPoint\",\"urlTemplate\":\"https:\/\/bombazarmiami.com\/?s={search_term_string}\"},\"query-input\":{\"@type\":\"PropertyValueSpecification\",\"valueRequired\":true,\"valueName\":\"search_term_string\"}}],\"inLanguage\":\"en-US\"},{\"@type\":\"Organization\",\"@id\":\"https:\/\/bombazarmiami.com\/#organization\",\"name\":\"Bombazar Miami\",\"url\":\"https:\/\/bombazarmiami.com\/\",\"logo\":{\"@type\":\"ImageObject\",\"inLanguage\":\"en-US\",\"@id\":\"https:\/\/bombazarmiami.com\/#\/schema\/logo\/image\/\",\"url\":\"https:\/\/bombazarmiami.com\/wp-content\/uploads\/2025\/10\/cropped-Bombazar_header.png\",\"contentUrl\":\"https:\/\/bombazarmiami.com\/wp-content\/uploads\/2025\/10\/cropped-Bombazar_header.png\",\"width\":509,\"height\":91,\"caption\":\"Bombazar Miami\"},\"image\":{\"@id\":\"https:\/\/bombazarmiami.com\/#\/schema\/logo\/image\/\"},\"sameAs\":[\"https:\/\/www.instagram.com\/bombazarmiami\/\"]}]}<\/script>\n<!-- \/ Yoast SEO plugin. -->","yoast_head_json":{"title":"Nuestra Historia - Bombazar Miami","description":"Conoce la historia de Bombazar y c\u00f3mo Kelly convirti\u00f3 su pasi\u00f3n por la moda en un servicio de compras de lujo personalizado desde Miami \ud83d\udc97","robots":{"index":"index","follow":"follow","max-snippet":"max-snippet:-1","max-image-preview":"max-image-preview:large","max-video-preview":"max-video-preview:-1"},"canonical":"https:\/\/bombazarmiami.com\/en\/nuestra-historia\/","og_locale":"en_US","og_type":"article","og_title":"Nuestra Historia - Bombazar Miami","og_description":"Conoce la historia de Bombazar y c\u00f3mo Kelly convirti\u00f3 su pasi\u00f3n por la moda en un servicio de compras de lujo personalizado desde Miami \ud83d\udc97","og_url":"https:\/\/bombazarmiami.com\/en\/nuestra-historia\/","og_site_name":"Bombazar Miami","article_modified_time":"2025-10-01T21:13:47+00:00","og_image":[{"url":"https:\/\/s.w.org\/images\/core\/emoji\/16.0.1\/svg\/1f497.svg","type":"","width":"","height":""}],"twitter_card":"summary_large_image","twitter_misc":{"Est. reading time":"2 minutes"},"schema":{"@context":"https:\/\/schema.org","@graph":[{"@type":"WebPage","@id":"https:\/\/bombazarmiami.com\/nuestra-historia\/","url":"https:\/\/bombazarmiami.com\/nuestra-historia\/","name":"Nuestra Historia - Bombazar Miami","isPartOf":{"@id":"https:\/\/bombazarmiami.com\/#website"},"primaryImageOfPage":{"@id":"https:\/\/bombazarmiami.com\/nuestra-historia\/#primaryimage"},"image":{"@id":"https:\/\/bombazarmiami.com\/nuestra-historia\/#primaryimage"},"thumbnailUrl":"https:\/\/s.w.org\/images\/core\/emoji\/16.0.1\/svg\/1f497.svg","datePublished":"2025-05-06T23:19:47+00:00","dateModified":"2025-10-01T21:13:47+00:00","description":"Conoce la historia de Bombazar y c\u00f3mo Kelly convirti\u00f3 su pasi\u00f3n por la moda en un servicio de compras de lujo personalizado desde Miami \ud83d\udc97","breadcrumb":{"@id":"https:\/\/bombazarmiami.com\/nuestra-historia\/#breadcrumb"},"inLanguage":"en-US","potentialAction":[{"@type":"ReadAction","target":["https:\/\/bombazarmiami.com\/nuestra-historia\/"]}]},{"@type":"ImageObject","inLanguage":"en-US","@id":"https:\/\/bombazarmiami.com\/nuestra-historia\/#primaryimage","url":"https:\/\/s.w.org\/images\/core\/emoji\/16.0.1\/svg\/1f497.svg","contentUrl":"https:\/\/s.w.org\/images\/core\/emoji\/16.0.1\/svg\/1f497.svg"},{"@type":"BreadcrumbList","@id":"https:\/\/bombazarmiami.com\/nuestra-historia\/#breadcrumb","itemListElement":[{"@type":"ListItem","position":1,"name":"Home","item":"https:\/\/bombazarmiami.com\/"},{"@type":"ListItem","position":2,"name":"Nuestra Historia"}]},{"@type":"WebSite","@id":"https:\/\/bombazarmiami.com\/#website","url":"https:\/\/bombazarmiami.com\/","name":"Bombing Miami","description":"Bombazar offers a personalized shopping service in Miami, with the option of ordering from Peru, Colombia, Bolivia, Ecuador, Venezuela, Panama, Costa Rica, Mexico, Guatemala and Honduras.","publisher":{"@id":"https:\/\/bombazarmiami.com\/#organization"},"alternateName":"Bombazar","potentialAction":[{"@type":"SearchAction","target":{"@type":"EntryPoint","urlTemplate":"https:\/\/bombazarmiami.com\/?s={search_term_string}"},"query-input":{"@type":"PropertyValueSpecification","valueRequired":true,"valueName":"search_term_string"}}],"inLanguage":"en-US"},{"@type":"Organization","@id":"https:\/\/bombazarmiami.com\/#organization","name":"Bombing Miami","url":"https:\/\/bombazarmiami.com\/","logo":{"@type":"ImageObject","inLanguage":"en-US","@id":"https:\/\/bombazarmiami.com\/#\/schema\/logo\/image\/","url":"https:\/\/bombazarmiami.com\/wp-content\/uploads\/2025\/10\/cropped-Bombazar_header.png","contentUrl":"https:\/\/bombazarmiami.com\/wp-content\/uploads\/2025\/10\/cropped-Bombazar_header.png","width":509,"height":91,"caption":"Bombazar Miami"},"image":{"@id":"https:\/\/bombazarmiami.com\/#\/schema\/logo\/image\/"},"sameAs":["https:\/\/www.instagram.com\/bombazarmiami\/"]}]}},"_links":{"self":[{"href":"https:\/\/bombazarmiami.com\/en\/wp-json\/wp\/v2\/pages\/2694","targetHints":{"allow":["GET"]}}],"collection":[{"href":"https:\/\/bombazarmiami.com\/en\/wp-json\/wp\/v2\/pages"}],"about":[{"href":"https:\/\/bombazarmiami.com\/en\/wp-json\/wp\/v2\/types\/page"}],"author":[{"embeddable":true,"href":"https:\/\/bombazarmiami.com\/en\/wp-json\/wp\/v2\/users\/1"}],"replies":[{"embeddable":true,"href":"https:\/\/bombazarmiami.com\/en\/wp-json\/wp\/v2\/comments?post=2694"}],"version-history":[{"count":0,"href":"https:\/\/bombazarmiami.com\/en\/wp-json\/wp\/v2\/pages\/2694\/revisions"}],"wp:attachment":[{"href":"https:\/\/bombazarmiami.com\/en\/wp-json\/wp\/v2\/media?parent=2694"}],"curies":[{"name":"wp","href":"https:\/\/api.w.org\/{rel}","templated":true}]}}