{"id":1463,"date":"2023-04-23T02:48:09","date_gmt":"2023-04-23T02:48:09","guid":{"rendered":"http:\/\/bombazarmiami.com\/?page_id=1463"},"modified":"2025-08-03T18:50:24","modified_gmt":"2025-08-03T22:50:24","slug":"service-terms","status":"publish","type":"page","link":"https:\/\/bombazarmiami.com\/en\/service-terms\/","title":{"rendered":"Terms of Service"},"content":{"rendered":"<div class=\"responsive-tabs\">\n<h2 class=\"tabtitle\">Spanish<\/h2>\n<div class=\"tabcontent\">\n\n<p>Bombazar offers a personalized shopping service in Miami, with the option of ordering from Peru, Colombia, Bolivia, Ecuador, Venezuela, Panama, Costa Rica, Mexico and Honduras. All products offered by Bombazar Miami are 100% originals and come with the brand's certificate of authenticity.<\/p>\n<p>For orders to Peru:<\/p>\n<ul>\n<li>Customers can reserve products with a minimum payment of 50%.<\/li>\n<li>Full payment must be completed prior to delivery of the product in Peru.<\/li>\n<li>Local shipping costs are not included in the price and must be paid by the customer. Customers have the option to pick up their products at our San Isidro location at no additional cost.<\/li>\n<li>The customer has 15 days to complete payment once the product is available for delivery in Peru. If payment is not completed, the product will be declared abandoned and will be auctioned. The customer will not recover any amount paid to reserve the product.<\/li>\n<\/ul>\n<p>For orders to all other countries:<\/p>\n<ul>\n<li>Customers can reserve products with a minimum payment of 50%.<\/li>\n<li>Full payment must be completed before products are shipped to the customer's country of destination.<\/li>\n<li>Local shipping costs are already included in the price.<\/li>\n<li>The customer has 15 days to complete payment once the product is available to be shipped to its destination country. If payment is not completed, the product will be declared abandoned and will be auctioned. The customer will not get back any amount paid to reserve the product.<\/li>\n<\/ul>\n<p>With Bombazar\u2019s personalized shopping service, clients can trust that their orders will be handled with care and attention to detail.<\/p>\n\n<\/div><h2 class=\"tabtitle\">Espa\u00f1ol<\/h2>\n<div class=\"tabcontent\">\n\n<p>Bombazar offers a personalized shopping service in Miami, with the option to place orders from Peru, Colombia, Bolivia, Ecuador, Venezuela, Panama, Costa Rica, Mexico, Honduras. All products offered by Bombazar Miami are 100% original and come with the brand authenticity certificate.<\/p>\n<p>For orders to Peru:<\/p>\n<ul>\n<li>Customers can reserve products with a minimum of 50% payment.<\/li>\n<li>The full payment must be completed before the product is delivered after it arrives in Peru.<\/li>\n<li>Local shipping charges are not included in the price and must be paid by the customer. Customers have the option to pick up their products from our San Isidro location free of charge.<\/li>\n<li>The customer has 15 days to complete the payment once the product is available for delivery in Peru. If the payment is not completed, the product will be declared abandoned and auctioned off. The customer will not recover any amount paid to reserve the product.<\/li>\n<\/ul>\n<p>For orders to all other supported countries:<\/p>\n<ul>\n<li>Customers can reserve products with a minimum of 50% payment.<\/li>\n<li>The full payment must be completed before the products are shipped to the customer's destination country.<\/li>\n<li>Local shipping charges are already included in the price.<\/li>\n<li>The customer has 15 days to complete the payment once the product is available for shipping to their destination country. If the payment is not completed, the product will be declared abandoned and auctioned off. The customer will not recover any amount paid to reserve the product.<\/li>\n<\/ul>\n<p>With Bombazar's personal shopping service, customers can trust that their orders will be handled with care and attention to detail.<\/p>\n<\/div><\/div>","protected":false},"excerpt":{"rendered":"<p>Bombazar ofrece un servicio de compras personalizado en Miami, con la opci\u00f3n de realizar pedidos desde Per\u00fa, Colombia, Bolivia, Ecuador, [&hellip;]<\/p>\n","protected":false},"author":1,"featured_media":0,"parent":0,"menu_order":0,"comment_status":"closed","ping_status":"closed","template":"","meta":{"site-sidebar-layout":"default","site-content-layout":"default","ast-site-content-layout":"normal-width-container","site-content-style":"boxed","site-sidebar-style":"default","ast-global-header-display":"","ast-banner-title-visibility":"","ast-main-header-display":"","ast-hfb-above-header-display":"","ast-hfb-below-header-display":"","ast-hfb-mobile-header-display":"","site-post-title":"","ast-breadcrumbs-content":"","ast-featured-img":"","footer-sml-layout":"","theme-transparent-header-meta":"default","adv-header-id-meta":"","stick-header-meta":"default","header-above-stick-meta":"","header-main-stick-meta":"","header-below-stick-meta":"","astra-migrate-meta-layouts":"set","ast-page-background-enabled":"default","ast-page-background-meta":{"desktop":{"background-color":"var(--ast-global-color-5)","background-image":"","background-repeat":"repeat","background-position":"center center","background-size":"auto","background-attachment":"scroll","background-type":"","background-media":"","overlay-type":"","overlay-color":"","overlay-opacity":"","overlay-gradient":""},"tablet":{"background-color":"","background-image":"","background-repeat":"repeat","background-position":"center center","background-size":"auto","background-attachment":"scroll","background-type":"","background-media":"","overlay-type":"","overlay-color":"","overlay-opacity":"","overlay-gradient":""},"mobile":{"background-color":"","background-image":"","background-repeat":"repeat","background-position":"center center","background-size":"auto","background-attachment":"scroll","background-type":"","background-media":"","overlay-type":"","overlay-color":"","overlay-opacity":"","overlay-gradient":""}},"ast-content-background-meta":{"desktop":{"background-color":"var(--ast-global-color-4)","background-image":"","background-repeat":"repeat","background-position":"center center","background-size":"auto","background-attachment":"scroll","background-type":"","background-media":"","overlay-type":"","overlay-color":"","overlay-opacity":"","overlay-gradient":""},"tablet":{"background-color":"var(--ast-global-color-4)","background-image":"","background-repeat":"repeat","background-position":"center center","background-size":"auto","background-attachment":"scroll","background-type":"","background-media":"","overlay-type":"","overlay-color":"","overlay-opacity":"","overlay-gradient":""},"mobile":{"background-color":"var(--ast-global-color-4)","background-image":"","background-repeat":"repeat","background-position":"center center","background-size":"auto","background-attachment":"scroll","background-type":"","background-media":"","overlay-type":"","overlay-color":"","overlay-opacity":"","overlay-gradient":""}},"footnotes":""},"class_list":["post-1463","page","type-page","status-publish","hentry"],"yoast_head":"<!-- This site is optimized with the Yoast SEO plugin v27.2 - https:\/\/yoast.com\/product\/yoast-seo-wordpress\/ -->\n<title>T\u00e9rminos del Servicio - Bombazar Miami<\/title>\n<meta name=\"robots\" content=\"index, follow, max-snippet:-1, max-image-preview:large, max-video-preview:-1\" \/>\n<link rel=\"canonical\" href=\"https:\/\/bombazarmiami.com\/en\/service-terms\/\" \/>\n<meta property=\"og:locale\" content=\"en_US\" \/>\n<meta property=\"og:type\" content=\"article\" \/>\n<meta property=\"og:title\" content=\"T\u00e9rminos del Servicio - Bombazar Miami\" \/>\n<meta property=\"og:description\" content=\"Bombazar ofrece un servicio de compras personalizado en Miami, con la opci\u00f3n de realizar pedidos desde Per\u00fa, Colombia, Bolivia, Ecuador, [&hellip;]\" \/>\n<meta property=\"og:url\" content=\"https:\/\/bombazarmiami.com\/en\/service-terms\/\" \/>\n<meta property=\"og:site_name\" content=\"Bombazar Miami\" \/>\n<meta property=\"article:modified_time\" content=\"2025-08-03T22:50:24+00:00\" \/>\n<meta name=\"twitter:card\" content=\"summary_large_image\" \/>\n<meta name=\"twitter:label1\" content=\"Est. reading time\" \/>\n\t<meta name=\"twitter:data1\" content=\"3 minutes\" \/>\n<script type=\"application\/ld+json\" class=\"yoast-schema-graph\">{\"@context\":\"https:\/\/schema.org\",\"@graph\":[{\"@type\":\"WebPage\",\"@id\":\"https:\/\/bombazarmiami.com\/service-terms\/\",\"url\":\"https:\/\/bombazarmiami.com\/service-terms\/\",\"name\":\"T\u00e9rminos del Servicio - Bombazar Miami\",\"isPartOf\":{\"@id\":\"https:\/\/bombazarmiami.com\/#website\"},\"datePublished\":\"2023-04-23T02:48:09+00:00\",\"dateModified\":\"2025-08-03T22:50:24+00:00\",\"breadcrumb\":{\"@id\":\"https:\/\/bombazarmiami.com\/service-terms\/#breadcrumb\"},\"inLanguage\":\"en-US\",\"potentialAction\":[{\"@type\":\"ReadAction\",\"target\":[\"https:\/\/bombazarmiami.com\/service-terms\/\"]}]},{\"@type\":\"BreadcrumbList\",\"@id\":\"https:\/\/bombazarmiami.com\/service-terms\/#breadcrumb\",\"itemListElement\":[{\"@type\":\"ListItem\",\"position\":1,\"name\":\"Home\",\"item\":\"https:\/\/bombazarmiami.com\/\"},{\"@type\":\"ListItem\",\"position\":2,\"name\":\"T\u00e9rminos del Servicio\"}]},{\"@type\":\"WebSite\",\"@id\":\"https:\/\/bombazarmiami.com\/#website\",\"url\":\"https:\/\/bombazarmiami.com\/\",\"name\":\"Bombazar Miami\",\"description\":\"Bombazar ofrece un servicio de compras personalizado en Miami, con la opci\u00f3n de realizar pedidos desde Per\u00fa, Colombia, Bolivia, Ecuador, Venezuela, Panam\u00e1, Costa Rica, M\u00e9xico, Guatemala y Honduras.\",\"publisher\":{\"@id\":\"https:\/\/bombazarmiami.com\/#organization\"},\"alternateName\":\"Bombazar\",\"potentialAction\":[{\"@type\":\"SearchAction\",\"target\":{\"@type\":\"EntryPoint\",\"urlTemplate\":\"https:\/\/bombazarmiami.com\/?s={search_term_string}\"},\"query-input\":{\"@type\":\"PropertyValueSpecification\",\"valueRequired\":true,\"valueName\":\"search_term_string\"}}],\"inLanguage\":\"en-US\"},{\"@type\":\"Organization\",\"@id\":\"https:\/\/bombazarmiami.com\/#organization\",\"name\":\"Bombazar Miami\",\"url\":\"https:\/\/bombazarmiami.com\/\",\"logo\":{\"@type\":\"ImageObject\",\"inLanguage\":\"en-US\",\"@id\":\"https:\/\/bombazarmiami.com\/#\/schema\/logo\/image\/\",\"url\":\"https:\/\/bombazarmiami.com\/wp-content\/uploads\/2025\/10\/cropped-Bombazar_header.png\",\"contentUrl\":\"https:\/\/bombazarmiami.com\/wp-content\/uploads\/2025\/10\/cropped-Bombazar_header.png\",\"width\":509,\"height\":91,\"caption\":\"Bombazar Miami\"},\"image\":{\"@id\":\"https:\/\/bombazarmiami.com\/#\/schema\/logo\/image\/\"},\"sameAs\":[\"https:\/\/www.instagram.com\/bombazarmiami\/\"]}]}<\/script>\n<!-- \/ Yoast SEO plugin. -->","yoast_head_json":{"title":"T\u00e9rminos del Servicio - Bombazar Miami","robots":{"index":"index","follow":"follow","max-snippet":"max-snippet:-1","max-image-preview":"max-image-preview:large","max-video-preview":"max-video-preview:-1"},"canonical":"https:\/\/bombazarmiami.com\/en\/service-terms\/","og_locale":"en_US","og_type":"article","og_title":"T\u00e9rminos del Servicio - Bombazar Miami","og_description":"Bombazar ofrece un servicio de compras personalizado en Miami, con la opci\u00f3n de realizar pedidos desde Per\u00fa, Colombia, Bolivia, Ecuador, [&hellip;]","og_url":"https:\/\/bombazarmiami.com\/en\/service-terms\/","og_site_name":"Bombazar Miami","article_modified_time":"2025-08-03T22:50:24+00:00","twitter_card":"summary_large_image","twitter_misc":{"Est. reading time":"3 minutes"},"schema":{"@context":"https:\/\/schema.org","@graph":[{"@type":"WebPage","@id":"https:\/\/bombazarmiami.com\/service-terms\/","url":"https:\/\/bombazarmiami.com\/service-terms\/","name":"T\u00e9rminos del Servicio - Bombazar Miami","isPartOf":{"@id":"https:\/\/bombazarmiami.com\/#website"},"datePublished":"2023-04-23T02:48:09+00:00","dateModified":"2025-08-03T22:50:24+00:00","breadcrumb":{"@id":"https:\/\/bombazarmiami.com\/service-terms\/#breadcrumb"},"inLanguage":"en-US","potentialAction":[{"@type":"ReadAction","target":["https:\/\/bombazarmiami.com\/service-terms\/"]}]},{"@type":"BreadcrumbList","@id":"https:\/\/bombazarmiami.com\/service-terms\/#breadcrumb","itemListElement":[{"@type":"ListItem","position":1,"name":"Home","item":"https:\/\/bombazarmiami.com\/"},{"@type":"ListItem","position":2,"name":"T\u00e9rminos del Servicio"}]},{"@type":"WebSite","@id":"https:\/\/bombazarmiami.com\/#website","url":"https:\/\/bombazarmiami.com\/","name":"Bombing Miami","description":"Bombazar offers a personalized shopping service in Miami, with the option of ordering from Peru, Colombia, Bolivia, Ecuador, Venezuela, Panama, Costa Rica, Mexico, Guatemala and Honduras.","publisher":{"@id":"https:\/\/bombazarmiami.com\/#organization"},"alternateName":"Bombazar","potentialAction":[{"@type":"SearchAction","target":{"@type":"EntryPoint","urlTemplate":"https:\/\/bombazarmiami.com\/?s={search_term_string}"},"query-input":{"@type":"PropertyValueSpecification","valueRequired":true,"valueName":"search_term_string"}}],"inLanguage":"en-US"},{"@type":"Organization","@id":"https:\/\/bombazarmiami.com\/#organization","name":"Bombing Miami","url":"https:\/\/bombazarmiami.com\/","logo":{"@type":"ImageObject","inLanguage":"en-US","@id":"https:\/\/bombazarmiami.com\/#\/schema\/logo\/image\/","url":"https:\/\/bombazarmiami.com\/wp-content\/uploads\/2025\/10\/cropped-Bombazar_header.png","contentUrl":"https:\/\/bombazarmiami.com\/wp-content\/uploads\/2025\/10\/cropped-Bombazar_header.png","width":509,"height":91,"caption":"Bombazar Miami"},"image":{"@id":"https:\/\/bombazarmiami.com\/#\/schema\/logo\/image\/"},"sameAs":["https:\/\/www.instagram.com\/bombazarmiami\/"]}]}},"_links":{"self":[{"href":"https:\/\/bombazarmiami.com\/en\/wp-json\/wp\/v2\/pages\/1463","targetHints":{"allow":["GET"]}}],"collection":[{"href":"https:\/\/bombazarmiami.com\/en\/wp-json\/wp\/v2\/pages"}],"about":[{"href":"https:\/\/bombazarmiami.com\/en\/wp-json\/wp\/v2\/types\/page"}],"author":[{"embeddable":true,"href":"https:\/\/bombazarmiami.com\/en\/wp-json\/wp\/v2\/users\/1"}],"replies":[{"embeddable":true,"href":"https:\/\/bombazarmiami.com\/en\/wp-json\/wp\/v2\/comments?post=1463"}],"version-history":[{"count":0,"href":"https:\/\/bombazarmiami.com\/en\/wp-json\/wp\/v2\/pages\/1463\/revisions"}],"wp:attachment":[{"href":"https:\/\/bombazarmiami.com\/en\/wp-json\/wp\/v2\/media?parent=1463"}],"curies":[{"name":"wp","href":"https:\/\/api.w.org\/{rel}","templated":true}]}}